{"id":16259,"date":"2022-04-08T09:10:47","date_gmt":"2022-04-08T09:10:47","guid":{"rendered":"http:\/\/localhost\/qtrack\/contactos"},"modified":"2025-07-22T16:12:58","modified_gmt":"2025-07-22T16:12:58","slug":"contacts","status":"publish","type":"page","link":"https:\/\/q.track.pt\/en\/contacts\/","title":{"rendered":"Contacts"},"content":{"rendered":"<div class=\"wpb-content-wrapper\"><p>[vc_row css_animation=&#8221;&#8221; row_type=&#8221;row&#8221; use_row_as_full_screen_section=&#8221;no&#8221; type=&#8221;full_width&#8221; angled_section=&#8221;no&#8221; text_align=&#8221;left&#8221; background_image_as_pattern=&#8221;without_pattern&#8221; z_index=&#8221;&#8221; padding_top=&#8221;30&#8243; padding_bottom=&#8221;30&#8243;][vc_column]<div class='google_map_shortcode_holder' style='height:480px;'><div class='qode_google_map' style='height:480px;' id='map_canvas_31386' data-addresses='[\"Rua Capit\u00e3o Salgueiro Maia, n\u00ba7, 3080-245 Figueira da Foz, Portugal\",\"Rua Marqu\u00eas de S\u00e1 da Bandeira 323, Galeria Aviadores - LJ38, 4400-217 Vila Nova de Gaia\",\"Rua Carlos Conde, n\u00ba10 lisboa\",\"Avenida Paulo Samuel Kankhomba, N\u00ba1460, Maputo\",\"Rua Tipografia Mam\u00e3 Tita, N\u00ba8, R\/C Ingombotas, Luanda\"]' data-custom-map-style='true' data-color-overlay='#2494d2' data-saturation='0' data-lightness='0' data-zoom='2' data-pin='https:\/\/q.track.pt\/wp-content\/uploads\/2021\/05\/icon_map_q-track.png' data-unique-id='31386' data-google-maps-scroll-wheel='true' data-snazzy-map-style='yes' data-map-height='480'><\/div><input type=\"hidden\" class=\"qode-snazzy-map\" value=\"`{`\n{\n``featureType``: ``administrative``,\n``elementType``: ``labels.text.fill``,\n``stylers``: `{`\n{\n``color``: ``#444444``\n}\n`}`\n},\n{\n``featureType``: ``landscape``,\n``elementType``: ``all``,\n``stylers``: `{`\n{\n``color``: ``#f2f2f2``\n}\n`}`\n},\n{\n``featureType``: ``poi``,\n``elementType``: ``all``,\n``stylers``: `{`\n{\n``visibility``: ``off``\n}\n`}`\n},\n{\n``featureType``: ``road``,\n``elementType``: ``all``,\n``stylers``: `{`\n{\n``saturation``: -100\n},\n{\n``lightness``: 45\n}\n`}`\n},\n{\n``featureType``: ``road.highway``,\n``elementType``: ``all``,\n``stylers``: `{`\n{\n``visibility``: ``simplified``\n}\n`}`\n},\n{\n``featureType``: ``road.arterial``,\n``elementType``: ``labels.icon``,\n``stylers``: `{`\n{\n``visibility``: ``off``\n}\n`}`\n},\n{\n``featureType``: ``transit``,\n``elementType``: ``all``,\n``stylers``: `{`\n{\n``visibility``: ``off``\n}\n`}`\n},\n{\n``featureType``: ``water``,\n``elementType``: ``all``,\n``stylers``: `{`\n{\n``color``: ``#464646``\n},\n{\n``visibility``: ``on``\n}\n`}`\n}\n`}`\" \/><\/div>[\/vc_column][\/vc_row][vc_row css_animation=&#8221;&#8221; row_type=&#8221;row&#8221; use_row_as_full_screen_section=&#8221;no&#8221; type=&#8221;full_width&#8221; angled_section=&#8221;no&#8221; text_align=&#8221;left&#8221; background_image_as_pattern=&#8221;without_pattern&#8221; z_index=&#8221;&#8221; padding_bottom=&#8221;89&#8243;][vc_column width=&#8221;1\/2&#8243; el_class=&#8221;contact_form_info&#8221;][vc_column_text]<\/p>\n<h5>INFORMATION REQUEST<\/h5>\n<p>[\/vc_column_text][vc_separator type=&#8221;normal&#8221;]\n<div class=\"wpcf7 no-js\" id=\"wpcf7-f16263-o1\" lang=\"en-US\" dir=\"ltr\" data-wpcf7-id=\"16263\">\n<div class=\"screen-reader-response\"><p role=\"status\" aria-live=\"polite\" aria-atomic=\"true\"><\/p> <ul><\/ul><\/div>\n<form action=\"\/en\/wp-json\/wp\/v2\/pages\/16259#wpcf7-f16263-o1\" method=\"post\" class=\"wpcf7-form init cf7_custom_style_1\" aria-label=\"Contact form\" novalidate=\"novalidate\" data-status=\"init\">\n<fieldset class=\"hidden-fields-container\"><input type=\"hidden\" name=\"_wpcf7\" value=\"16263\" \/><input type=\"hidden\" name=\"_wpcf7_version\" value=\"6.1.4\" \/><input type=\"hidden\" name=\"_wpcf7_locale\" value=\"en_US\" \/><input type=\"hidden\" name=\"_wpcf7_unit_tag\" value=\"wpcf7-f16263-o1\" \/><input type=\"hidden\" name=\"_wpcf7_container_post\" value=\"0\" \/><input type=\"hidden\" name=\"_wpcf7_posted_data_hash\" value=\"\" \/><input type=\"hidden\" name=\"_wpcf7_recaptcha_response\" value=\"\" \/>\n<\/fieldset>\n<p><label> Name<br \/>\n<span class=\"wpcf7-form-control-wrap\" data-name=\"your-name\"><input size=\"40\" maxlength=\"400\" class=\"wpcf7-form-control wpcf7-text wpcf7-validates-as-required\" aria-required=\"true\" aria-invalid=\"false\" value=\"\" type=\"text\" name=\"your-name\" \/><\/span> <\/label>\n<\/p>\n<p><label> E-mail<br \/>\n<span class=\"wpcf7-form-control-wrap\" data-name=\"your-email\"><input size=\"40\" maxlength=\"400\" class=\"wpcf7-form-control wpcf7-email wpcf7-validates-as-required wpcf7-text wpcf7-validates-as-email\" aria-required=\"true\" aria-invalid=\"false\" value=\"\" type=\"email\" name=\"your-email\" \/><\/span> <\/label>\n<\/p>\n<p><label> Telephone number<br \/>\n<span class=\"wpcf7-form-control-wrap\" data-name=\"telefone\"><input size=\"40\" maxlength=\"400\" class=\"wpcf7-form-control wpcf7-tel wpcf7-validates-as-required wpcf7-text wpcf7-validates-as-tel\" aria-required=\"true\" aria-invalid=\"false\" value=\"\" type=\"tel\" name=\"telefone\" \/><\/span> <\/label>\n<\/p>\n<p><label> Subject<br \/>\n<span class=\"wpcf7-form-control-wrap\" data-name=\"your-subject\"><input size=\"40\" maxlength=\"400\" class=\"wpcf7-form-control wpcf7-text wpcf7-validates-as-required\" aria-required=\"true\" aria-invalid=\"false\" value=\"\" type=\"text\" name=\"your-subject\" \/><\/span> <\/label>\n<\/p>\n<p><label> Message<br \/>\n<span class=\"wpcf7-form-control-wrap\" data-name=\"your-message\"><textarea cols=\"40\" rows=\"10\" maxlength=\"2000\" class=\"wpcf7-form-control wpcf7-textarea wpcf7-validates-as-required\" aria-required=\"true\" aria-invalid=\"false\" name=\"your-message\"><\/textarea><\/span> <\/label>\n<\/p>\n<span class=\"wpcf7-form-control-wrap recaptcha\" data-name=\"recaptcha\"><span data-sitekey=\"6LcL6qcbAAAAAGBNnEQYkYxuTkw8RlWk9mdFmUlK\" class=\"wpcf7-form-control wpcf7-recaptcha g-recaptcha\" id=\"13\"><\/span>\r\n<noscript>\r\n\t<div class=\"grecaptcha-noscript\">\r\n\t\t<iframe src=\"https:\/\/www.google.com\/recaptcha\/api\/fallback?k=6LcL6qcbAAAAAGBNnEQYkYxuTkw8RlWk9mdFmUlK\" frameborder=\"0\" scrolling=\"no\" width=\"310\" height=\"430\">\r\n\t\t<\/iframe>\r\n\t\t<textarea name=\"g-recaptcha-response\" rows=\"3\" cols=\"40\" placeholder=\"reCaptcha Response Here\">\r\n\t\t<\/textarea>\r\n\t<\/div>\r\n<\/noscript>\r\n<\/span>\n<p><input class=\"wpcf7-form-control wpcf7-submit has-spinner\" type=\"submit\" value=\"Send\" \/>\n<\/p><div class=\"wpcf7-response-output\" aria-hidden=\"true\"><\/div>\n<\/form>\n<\/div>\n[vc_separator type=&#8221;normal&#8221;][\/vc_column][vc_column width=&#8221;1\/2&#8243;]<div class=\"qode-accordion-holder clearfix qode-accordion qode-initial \">\n\t<h4 class=\"clearfix qode-title-holder\">\n<span class=\"qode-tab-title\">\n\t    <span class=\"qode-tab-title-inner\">\n        Portugal    <\/span>\n<\/span>\n<span class=\"qode-accordion-mark\">\n    <span class=\"qode-accordion-mark-icon\">\n        <span class=\"icon_plus\"><\/span>\n        <span class=\"icon_minus-06\"><\/span>\n    <\/span>\n<\/span>\n<\/h4>\n<div  class=\"qode-accordion-content \" >\n    <div class=\"qode-accordion-content-inner\">\n        [vc_column_text]<strong>Center &#8211; Head Office<\/strong><br \/>\n<i class=\"fa fa-map-marker\"><\/i>\u00a0\u00a0\u00a0\u00a0Rua Capit\u00e3o Salgueiro Maia, n\u00ba7, 3080-245 Figueira da Foz<br \/>\n<i class=\"fa fa-phone\"><\/i>\u00a0\u00a0\u00a0\u00a0<strong>Commercial Phone: <\/strong>\u00a0 +351 233 042 347 \/ +351 912 377 997<br \/>\n\u2026\u2026\u2026\u2026\u2026\u2026\u2026\u2026\u2026\u2026\u2026\u2026\u2026\u2026\u2026<\/p>\n<p><strong>Center &#8211; Technical Center<\/strong><br \/>\n<i class=\"fa fa-map-marker\"><\/i>\u00a0\u00a0\u00a0\u00a0Estrada de Mira, n\u00ba123, Fra\u00e7\u00e3o AJ &#8211; Tavarede, 3080-847 Figueira da Foz<br \/>\n\u2026\u2026\u2026\u2026\u2026\u2026\u2026\u2026\u2026\u2026\u2026\u2026\u2026\u2026\u2026<\/p>\n<p><strong>North<\/strong><\/p>\n<div><i class=\"fa fa-map-marker\"><\/i>\u00a0\u00a0\u00a0\u00a0Rua Marqu\u00eas de S\u00e1 da Bandeira 323, Galeria Aviadores &#8211; LJ38, 4400-217 Vila Nova de Gaia<br \/>\n<i class=\"fa fa-phone\"><\/i>\u00a0\u00a0\u00a0\u00a0<strong>Commercial Phone: <\/strong>\u00a0+351 221 174 735<br \/>\n\u2026\u2026\u2026\u2026\u2026\u2026\u2026\u2026\u2026\u2026\u2026\u2026\u2026\u2026\u2026<br \/>\n<strong>South<\/strong><br \/>\n<i class=\"fa fa-map-marker\"><\/i>\u00a0\u00a0\u00a0\u00a0Rua Carlos Conde, n\u00ba10A, Campolide, 1070-257 Lisboa<br \/>\n<i class=\"fa fa-phone\"><\/i>\u00a0\u00a0\u00a0\u00a0<strong>Commercial Phone: <\/strong>\u00a0+351 214 011 719<br \/>\n\u2026\u2026\u2026\u2026\u2026\u2026\u2026\u2026\u2026\u2026\u2026\u2026\u2026\u2026\u2026<i class=\"fa fa-phone\"><\/i>\u00a0\u00a0\u00a0\u00a0<strong>Phone Technical Assistance:<\/strong>\u00a0+351 233 042 347<br \/>\n<i class=\"fa fa-envelope-o\"><\/i>\u00a0\u00a0\u00a0\u00a0<strong>Email:<\/strong><a href=\"mailto:portugal@logicpulse.com\">\u00a0portugal@logicpulse.com<\/a><\/div>\n<p>[\/vc_column_text]    <\/div>\n<\/div><h4 class=\"clearfix qode-title-holder\">\n<span class=\"qode-tab-title\">\n\t    <span class=\"qode-tab-title-inner\">\n        Mozambique    <\/span>\n<\/span>\n<span class=\"qode-accordion-mark\">\n    <span class=\"qode-accordion-mark-icon\">\n        <span class=\"icon_plus\"><\/span>\n        <span class=\"icon_minus-06\"><\/span>\n    <\/span>\n<\/span>\n<\/h4>\n<div  class=\"qode-accordion-content \" >\n    <div class=\"qode-accordion-content-inner\">\n        [vc_column_text]<strong>Logicpulse Mozambique<\/strong><\/p>\n<div><i class=\"fa fa-map-marker\"><\/i>\u00a0\u00a0\u00a0\u00a0Av. Paulo Samuel Kankhomba, N\u00ba1460, Maputo<br \/>\n\u2026\u2026\u2026\u2026\u2026\u2026\u2026\u2026\u2026\u2026\u2026\u2026\u2026\u2026\u2026<br \/>\n<i class=\"fa fa-phone\"><\/i>\u00a0 \u00a0 <strong>Commercial Phone:<\/strong>\u00a0+258 84 123 123 4<\/div>\n<div><i class=\"fa fa-phone\"><\/i>\u00a0\u00a0\u00a0 <strong>Phone Technical Assistance:<\/strong>\u00a0+258 84 123 123 5<\/div>\n<div><i class=\"fa fa-envelope-o\"><\/i>\u00a0\u00a0\u00a0\u00a0<strong>Email:<\/strong><a href=\"mailto:mocambique@logicpulse.com\">\u00a0mocambique@logicpulse.com<\/a><\/div>\n<div><\/div>\n<p>[\/vc_column_text]    <\/div>\n<\/div><h4 class=\"clearfix qode-title-holder\">\n<span class=\"qode-tab-title\">\n\t    <span class=\"qode-tab-title-inner\">\n        Angola    <\/span>\n<\/span>\n<span class=\"qode-accordion-mark\">\n    <span class=\"qode-accordion-mark-icon\">\n        <span class=\"icon_plus\"><\/span>\n        <span class=\"icon_minus-06\"><\/span>\n    <\/span>\n<\/span>\n<\/h4>\n<div  class=\"qode-accordion-content \" >\n    <div class=\"qode-accordion-content-inner\">\n        [vc_column_text]<\/p>\n<div>\n<p><strong>Logicpulse Angola \u2013 Luanda<\/strong><\/p>\n<div><i class=\"fa fa-map-marker\"><\/i> Rua Tipografia Mam\u00e3 Tita, N\u00ba8, R\/C Ingombotas, Luanda<\/div>\n<div><\/div>\n<p>\u2026\u2026\u2026\u2026\u2026\u2026\u2026\u2026\u2026\u2026\u2026\u2026\u2026\u2026\u2026<br \/>\n<i class=\"fa fa-phone\"><\/i>\u00a0\u00a0\u00a0 <strong>Commercial Phone:<\/strong>\u00a0+244 938 561 179<\/div>\n<div><i class=\"fa fa-phone\"><\/i>\u00a0\u00a0\u00a0 <strong>Phone Technical Assistance:<\/strong>\u00a0+244 222 727 371<\/div>\n<div><i class=\"fa fa-envelope-o\"><\/i>\u00a0\u00a0\u00a0\u00a0<strong>Email:<\/strong><a href=\"mailto:angola@logicpulse.com\">\u00a0angola@logicpulse.com<\/a><\/div>\n<p>[\/vc_column_text]    <\/div>\n<\/div><\/div><span data-type=\"circle\" data-hover-bg-color=\"#2494d2\" data-hover-icon-color=\"#ffffff\" class=\"qode_icon_shortcode fa-stack q_font_awsome_icon_stack fa-lg  \" style=\"font-size: 17px;font-size: 29px;margin: 0 -5px 0 0; \"><a  itemprop=\"url\" href=\"https:\/\/www.facebook.com\/logicpulse\" target=\"_blank\"><i class=\"fa fa-circle fa-stack-base fa-stack-2x\" style=\"color: #ffffff;\"><\/i><span aria-hidden=\"true\" class=\"qode_icon_font_elegant social_facebook qode_icon_element fa-stack-1x\" style=\"font-size: 17px;color: #000000;\" ><\/span><\/a><\/span><span data-type=\"circle\" data-hover-bg-color=\"#2494d2\" data-hover-icon-color=\"#ffffff\" class=\"qode_icon_shortcode fa-stack q_font_awsome_icon_stack fa-lg  \" style=\"font-size: 17px;font-size: 29px;margin: 0 -5px 0 0; \"><a  itemprop=\"url\" href=\"https:\/\/pt.linkedin.com\/company\/logicpulse-technologies\" target=\"_blank\"><i class=\"fa fa-circle fa-stack-base fa-stack-2x\" style=\"color: #ffffff;\"><\/i><span aria-hidden=\"true\" class=\"qode_icon_font_elegant social_linkedin qode_icon_element fa-stack-1x\" style=\"font-size: 17px;color: #000000;\" ><\/span><\/a><\/span><span data-type=\"circle\" data-hover-bg-color=\"#2494d2\" data-hover-icon-color=\"#ffffff\" class=\"qode_icon_shortcode fa-stack q_font_awsome_icon_stack fa-lg  \" style=\"font-size: 17px;font-size: 29px;margin: 0 -5px 0 0; \"><a  itemprop=\"url\" href=\"https:\/\/www.instagram.com\/logicpulse\" target=\"_blank\"><i class=\"fa fa-circle fa-stack-base fa-stack-2x\" style=\"color: #ffffff;\"><\/i><span aria-hidden=\"true\" class=\"qode_icon_font_elegant social_instagram qode_icon_element fa-stack-1x\" style=\"font-size: 17px;color: #000000;\" ><\/span><\/a><\/span><span data-type=\"circle\" data-hover-bg-color=\"#2494d2\" data-hover-icon-color=\"#ffffff\" class=\"qode_icon_shortcode fa-stack q_font_awsome_icon_stack fa-lg  \" style=\"font-size: 17px;font-size: 29px;margin: 0 -5px 0 0; \"><a  itemprop=\"url\" href=\"https:\/\/x.com\/logicpulse_\" target=\"_blank\"><i class=\"fa fa-circle fa-stack-base fa-stack-2x\" style=\"color: #ffffff;\"><\/i><span aria-hidden=\"true\" class=\"qode_icon_font_elegant social_twitter qode_icon_element fa-stack-1x\" style=\"font-size: 17px;color: #000000;\" ><\/span><\/a><\/span><span data-type=\"circle\" data-hover-bg-color=\"#2494d2\" data-hover-icon-color=\"#ffffff\" class=\"qode_icon_shortcode fa-stack q_font_awsome_icon_stack fa-lg  \" style=\"font-size: 17px;font-size: 29px;margin: 0 -5px 0 0; \"><a  itemprop=\"url\" href=\"https:\/\/pt.pinterest.com\/logicpulse\/\" target=\"_blank\"><i class=\"fa fa-circle fa-stack-base fa-stack-2x\" style=\"color: #ffffff;\"><\/i><span aria-hidden=\"true\" class=\"qode_icon_font_elegant social_pinterest qode_icon_element fa-stack-1x\" style=\"font-size: 17px;color: #000000;\" ><\/span><\/a><\/span><span data-type=\"circle\" data-hover-bg-color=\"#2494d2\" data-hover-icon-color=\"#ffffff\" class=\"qode_icon_shortcode fa-stack q_font_awsome_icon_stack fa-lg  \" style=\"font-size: 17px;font-size: 29px;margin: 0 -5px 0 0; \"><a  itemprop=\"url\" href=\"https:\/\/www.youtube.com\/c\/LogicpulseTechnologiesLdaFigueiradaFoz\" target=\"_blank\"><i class=\"fa fa-circle fa-stack-base fa-stack-2x\" style=\"color: #ffffff;\"><\/i><span aria-hidden=\"true\" class=\"qode_icon_font_elegant social_youtube qode_icon_element fa-stack-1x\" style=\"font-size: 17px;color: #000000;\" ><\/span><\/a><\/span><span data-type=\"circle\" data-hover-bg-color=\"#2494d2\" data-hover-icon-color=\"#ffffff\" class=\"qode_icon_shortcode fa-stack q_font_awsome_icon_stack fa-lg  \" style=\"font-size: 17px;font-size: 29px;margin: 0 -5px 0 0; \"><a  itemprop=\"url\" href=\"https:\/\/www.tiktok.com\/@logicpulse_technologies\" target=\"_blank\"><i class=\"fa fa-circle fa-stack-base fa-stack-2x\" style=\"color: #ffffff;\"><\/i><i class=\"qode_icon_font_awesome_5 fa5 fab fa-tiktok qode_icon_element fa-stack-1x\" style=\"font-size: 17px;color: #000000;\" ><\/i><\/a><\/span>[\/vc_column][\/vc_row][vc_row css_animation=&#8221;&#8221; row_type=&#8221;row&#8221; use_row_as_full_screen_section=&#8221;no&#8221; type=&#8221;full_width&#8221; angled_section=&#8221;no&#8221; text_align=&#8221;left&#8221; background_image_as_pattern=&#8221;without_pattern&#8221;][vc_column][vc_column_text]<\/p>\n<p>[\/vc_column_text][\/vc_column][\/vc_row]<\/p>\n<\/div>","protected":false},"excerpt":{"rendered":"<p>[vc_row css_animation=&#8221;&#8221; row_type=&#8221;row&#8221; use_row_as_full_screen_section=&#8221;no&#8221; type=&#8221;full_width&#8221; angled_section=&#8221;no&#8221; text_align=&#8221;left&#8221; background_image_as_pattern=&#8221;without_pattern&#8221; z_index=&#8221;&#8221; padding_top=&#8221;30&#8243; padding_bottom=&#8221;30&#8243;][vc_column][\/vc_column][\/vc_row][vc_row css_animation=&#8221;&#8221; row_type=&#8221;row&#8221; use_row_as_full_screen_section=&#8221;no&#8221; type=&#8221;full_width&#8221; angled_section=&#8221;no&#8221; text_align=&#8221;left&#8221; background_image_as_pattern=&#8221;without_pattern&#8221; z_index=&#8221;&#8221; padding_bottom=&#8221;89&#8243;][vc_column width=&#8221;1\/2&#8243; el_class=&#8221;contact_form_info&#8221;][vc_column_text] INFORMATION REQUEST [\/vc_column_text][vc_separator type=&#8221;normal&#8221;][vc_separator type=&#8221;normal&#8221;][\/vc_column][vc_column width=&#8221;1\/2&#8243;][\/vc_column][\/vc_row][vc_row css_animation=&#8221;&#8221; row_type=&#8221;row&#8221; use_row_as_full_screen_section=&#8221;no&#8221; type=&#8221;full_width&#8221; angled_section=&#8221;no&#8221; text_align=&#8221;left&#8221; background_image_as_pattern=&#8221;without_pattern&#8221;][vc_column][vc_column_text] [\/vc_column_text][\/vc_column][\/vc_row]<\/p>\n","protected":false},"author":1,"featured_media":0,"parent":0,"menu_order":0,"comment_status":"closed","ping_status":"closed","template":"","meta":{"footnotes":""},"class_list":["post-16259","page","type-page","status-publish","hentry"],"yoast_head":"<!-- This site is optimized with the Yoast SEO plugin v26.9 - https:\/\/yoast.com\/product\/yoast-seo-wordpress\/ -->\n<title>Contacts - Q.track - Gest\u00e3o de Filas de Espera | TV Corporativa<\/title>\n<meta name=\"description\" content=\"Contact Logicpulse about Q.Track. With teams in Portugal, Angola, Mozambique, and global partners, we support your business.\" \/>\n<meta name=\"robots\" content=\"index, follow, max-snippet:-1, max-image-preview:large, max-video-preview:-1\" \/>\n<link rel=\"canonical\" href=\"https:\/\/q.track.pt\/en\/contacts\/\" \/>\n<meta property=\"og:locale\" content=\"en_US\" \/>\n<meta property=\"og:type\" content=\"article\" \/>\n<meta property=\"og:title\" content=\"Contacts - Q.track - Gest\u00e3o de Filas de Espera | TV Corporativa\" \/>\n<meta property=\"og:description\" content=\"Contact Logicpulse about Q.Track. With teams in Portugal, Angola, Mozambique, and global partners, we support your business.\" \/>\n<meta property=\"og:url\" content=\"https:\/\/q.track.pt\/en\/contacts\/\" \/>\n<meta property=\"og:site_name\" content=\"Q.track - Gest\u00e3o de Filas de Espera | TV Corporativa\" \/>\n<meta property=\"article:modified_time\" content=\"2025-07-22T16:12:58+00:00\" \/>\n<meta name=\"twitter:card\" content=\"summary_large_image\" \/>\n<meta name=\"twitter:label1\" content=\"Est. reading time\" \/>\n\t<meta name=\"twitter:data1\" content=\"3 minutes\" \/>\n<script type=\"application\/ld+json\" class=\"yoast-schema-graph\">{\"@context\":\"https:\/\/schema.org\",\"@graph\":[{\"@type\":\"WebPage\",\"@id\":\"https:\/\/q.track.pt\/en\/contacts\/\",\"url\":\"https:\/\/q.track.pt\/en\/contacts\/\",\"name\":\"Contacts - Q.track - Gest\u00e3o de Filas de Espera | TV Corporativa\",\"isPartOf\":{\"@id\":\"https:\/\/q.track.pt\/en\/#website\"},\"datePublished\":\"2022-04-08T09:10:47+00:00\",\"dateModified\":\"2025-07-22T16:12:58+00:00\",\"description\":\"Contact Logicpulse about Q.Track. With teams in Portugal, Angola, Mozambique, and global partners, we support your business.\",\"breadcrumb\":{\"@id\":\"https:\/\/q.track.pt\/en\/contacts\/#breadcrumb\"},\"inLanguage\":\"en-US\",\"potentialAction\":[{\"@type\":\"ReadAction\",\"target\":[\"https:\/\/q.track.pt\/en\/contacts\/\"]}]},{\"@type\":\"BreadcrumbList\",\"@id\":\"https:\/\/q.track.pt\/en\/contacts\/#breadcrumb\",\"itemListElement\":[{\"@type\":\"ListItem\",\"position\":1,\"name\":\"In\u00edcio\",\"item\":\"https:\/\/q.track.pt\/en\/?lang=en\"},{\"@type\":\"ListItem\",\"position\":2,\"name\":\"Contacts\"}]},{\"@type\":\"WebSite\",\"@id\":\"https:\/\/q.track.pt\/en\/#website\",\"url\":\"https:\/\/q.track.pt\/en\/\",\"name\":\"Q.track - Gest\u00e3o de Filas de Espera | TV Corporativa\",\"description\":\"Gest\u00e3o de Filas de Espera | Solu\u00e7\u00e3o de Atendimento | TV Corporativa | Sistema de Avalia\u00e7\u00e3o\",\"potentialAction\":[{\"@type\":\"SearchAction\",\"target\":{\"@type\":\"EntryPoint\",\"urlTemplate\":\"https:\/\/q.track.pt\/en\/?s={search_term_string}\"},\"query-input\":{\"@type\":\"PropertyValueSpecification\",\"valueRequired\":true,\"valueName\":\"search_term_string\"}}],\"inLanguage\":\"en-US\"}]}<\/script>\n<!-- \/ Yoast SEO plugin. -->","yoast_head_json":{"title":"Contacts - Q.track - Gest\u00e3o de Filas de Espera | TV Corporativa","description":"Contact Logicpulse about Q.Track. With teams in Portugal, Angola, Mozambique, and global partners, we support your business.","robots":{"index":"index","follow":"follow","max-snippet":"max-snippet:-1","max-image-preview":"max-image-preview:large","max-video-preview":"max-video-preview:-1"},"canonical":"https:\/\/q.track.pt\/en\/contacts\/","og_locale":"en_US","og_type":"article","og_title":"Contacts - Q.track - Gest\u00e3o de Filas de Espera | TV Corporativa","og_description":"Contact Logicpulse about Q.Track. With teams in Portugal, Angola, Mozambique, and global partners, we support your business.","og_url":"https:\/\/q.track.pt\/en\/contacts\/","og_site_name":"Q.track - Gest\u00e3o de Filas de Espera | TV Corporativa","article_modified_time":"2025-07-22T16:12:58+00:00","twitter_card":"summary_large_image","twitter_misc":{"Est. reading time":"3 minutes"},"schema":{"@context":"https:\/\/schema.org","@graph":[{"@type":"WebPage","@id":"https:\/\/q.track.pt\/en\/contacts\/","url":"https:\/\/q.track.pt\/en\/contacts\/","name":"Contacts - Q.track - Gest\u00e3o de Filas de Espera | TV Corporativa","isPartOf":{"@id":"https:\/\/q.track.pt\/en\/#website"},"datePublished":"2022-04-08T09:10:47+00:00","dateModified":"2025-07-22T16:12:58+00:00","description":"Contact Logicpulse about Q.Track. With teams in Portugal, Angola, Mozambique, and global partners, we support your business.","breadcrumb":{"@id":"https:\/\/q.track.pt\/en\/contacts\/#breadcrumb"},"inLanguage":"en-US","potentialAction":[{"@type":"ReadAction","target":["https:\/\/q.track.pt\/en\/contacts\/"]}]},{"@type":"BreadcrumbList","@id":"https:\/\/q.track.pt\/en\/contacts\/#breadcrumb","itemListElement":[{"@type":"ListItem","position":1,"name":"In\u00edcio","item":"https:\/\/q.track.pt\/en\/?lang=en"},{"@type":"ListItem","position":2,"name":"Contacts"}]},{"@type":"WebSite","@id":"https:\/\/q.track.pt\/en\/#website","url":"https:\/\/q.track.pt\/en\/","name":"Q.track - Gest\u00e3o de Filas de Espera | TV Corporativa","description":"Gest\u00e3o de Filas de Espera | Solu\u00e7\u00e3o de Atendimento | TV Corporativa | Sistema de Avalia\u00e7\u00e3o","potentialAction":[{"@type":"SearchAction","target":{"@type":"EntryPoint","urlTemplate":"https:\/\/q.track.pt\/en\/?s={search_term_string}"},"query-input":{"@type":"PropertyValueSpecification","valueRequired":true,"valueName":"search_term_string"}}],"inLanguage":"en-US"}]}},"_links":{"self":[{"href":"https:\/\/q.track.pt\/en\/wp-json\/wp\/v2\/pages\/16259","targetHints":{"allow":["GET"]}}],"collection":[{"href":"https:\/\/q.track.pt\/en\/wp-json\/wp\/v2\/pages"}],"about":[{"href":"https:\/\/q.track.pt\/en\/wp-json\/wp\/v2\/types\/page"}],"author":[{"embeddable":true,"href":"https:\/\/q.track.pt\/en\/wp-json\/wp\/v2\/users\/1"}],"replies":[{"embeddable":true,"href":"https:\/\/q.track.pt\/en\/wp-json\/wp\/v2\/comments?post=16259"}],"version-history":[{"count":14,"href":"https:\/\/q.track.pt\/en\/wp-json\/wp\/v2\/pages\/16259\/revisions"}],"predecessor-version":[{"id":17045,"href":"https:\/\/q.track.pt\/en\/wp-json\/wp\/v2\/pages\/16259\/revisions\/17045"}],"wp:attachment":[{"href":"https:\/\/q.track.pt\/en\/wp-json\/wp\/v2\/media?parent=16259"}],"curies":[{"name":"wp","href":"https:\/\/api.w.org\/{rel}","templated":true}]}}