{"id":16272,"date":"2022-04-08T13:31:12","date_gmt":"2022-04-08T13:31:12","guid":{"rendered":"http:\/\/localhost\/qtrack?page_id=16272"},"modified":"2025-07-23T16:03:35","modified_gmt":"2025-07-23T16:03:35","slug":"about","status":"publish","type":"page","link":"https:\/\/q.track.pt\/en\/about\/","title":{"rendered":"About"},"content":{"rendered":"<div class=\"wpb-content-wrapper\"><p>[vc_row css_animation=&#8221;&#8221; row_type=&#8221;row&#8221; use_row_as_full_screen_section=&#8221;no&#8221; type=&#8221;grid&#8221; angled_section=&#8221;no&#8221; text_align=&#8221;center&#8221; background_image_as_pattern=&#8221;without_pattern&#8221; padding_top=&#8221;20&#8243; z_index=&#8221;&#8221;][vc_column width=&#8221;1\/2&#8243; offset=&#8221;vc_col-lg-6&#8243;][vc_video link=&#8221;https:\/\/www.youtube.com\/watch?v=qwQcBcNHWeM&#8221;][vc_separator type=&#8221;transparent&#8221; up=&#8221;20&#8243; down=&#8221;0&#8243;][\/vc_column][vc_column width=&#8221;1\/2&#8243;][vc_column_text]<\/p>\n<h3 style=\"text-align: center;\">We are your strategic partner in the analysis, development and implementation of technological solutions for the identification of people and goods, security and business management.<\/h3>\n<p>[\/vc_column_text][vc_separator type=&#8221;transparent&#8221; up=&#8221;30&#8243; down=&#8221;0&#8243;][vc_column_text]<span style=\"font-size: small;\">Logicpulse Technologies is a Portuguese technology company with a highly qualified and motivated team, ready to respond quickly and effectively to the needs of clients and partners. Our team operates within the highest quality standards, with professionals specialized in a wide range of technological platforms for people and asset identification, security, and business management. Logicpulse is present in multiple countries, always standing out through its commitment to technological innovation and the competitiveness of its products and solutions.\u00a0<\/span>[\/vc_column_text][vc_separator type=&#8221;transparent&#8221; up=&#8221;20&#8243; down=&#8221;0&#8243;]<a  itemprop=\"url\" href=\"http:\/\/contacts\" target=\"_self\" data-hover-background-color=\"#303030\" data-hover-color=\"#ffffff\" class=\"qbutton  center default\" style=\"\">Contact US<i class=\"qode_icon_font_awesome fa fa-envelope qode_button_icon_element\"><\/i><\/a>[\/vc_column][\/vc_row][vc_row css_animation=&#8221;&#8221; row_type=&#8221;row&#8221; use_row_as_full_screen_section=&#8221;no&#8221; type=&#8221;full_width&#8221; angled_section=&#8221;no&#8221; text_align=&#8221;left&#8221; background_image_as_pattern=&#8221;without_pattern&#8221; padding_top=&#8221;50&#8243; padding_bottom=&#8221;50&#8243; transition_delay=&#8221;500&#8243; z_index=&#8221;&#8221;][vc_column][vc_column_text][\/vc_column_text]<div class=\"qode-sliding-image-holder\">\n\t<div class=\"qode-sih-image-holder\" style=\"background-image:url()\">\n\t\t<img decoding=\"async\" class=\"qode-sliding-image-background-image\" src=\"\" alt=\"Sliding Image\" \/>\n\t\t<img decoding=\"async\" class=\"qode-sliding-image-background-image qode-aux-background-image\" src=\"\" alt=\"Sliding Image\" \/>\n\t<\/div>\n\t[vc_single_image image=&#8221;17080&#8243; img_size=&#8221;1920&#215;300&#8243; alignment=&#8221;center&#8221; qode_css_animation=&#8221;&#8221; qode_hover_animation=&#8221;darken&#8221;]<\/div>[\/vc_column][\/vc_row][vc_row css_animation=&#8221;&#8221; row_type=&#8221;row&#8221; use_row_as_full_screen_section=&#8221;no&#8221; type=&#8221;grid&#8221; angled_section=&#8221;no&#8221; text_align=&#8221;center&#8221; background_image_as_pattern=&#8221;without_pattern&#8221; padding_bottom=&#8221;100&#8243;][vc_column width=&#8221;1\/2&#8243; offset=&#8221;vc_col-lg-3 vc_col-md-3&#8243;]<span data-type=\"circle\" data-hover-bg-color=\"#2494d2\" data-hover-icon-color=\"#ffffff\" class=\"qode_icon_shortcode fa-stack q_font_awsome_icon_stack fa-lg pull-center \" style=\"font-size: 30px;font-size: 46px; \"><i class=\"fa fa-circle fa-stack-base fa-stack-2x\" style=\"color: #303030;\"><\/i><i class=\"qode_icon_font_awesome fa fa-certificate qode_icon_element fa-stack-1x\" style=\"font-size: 30px;color: #ffffff;\" ><\/i><\/span>[vc_separator type=&#8221;transparent&#8221; up=&#8221;30&#8243; down=&#8221;0&#8243;][vc_column_text]<\/p>\n<h5><b>Quality<\/b><\/h5>\n<p>[\/vc_column_text][vc_separator type=&#8221;transparent&#8221; up=&#8221;30&#8243; down=&#8221;0&#8243;][vc_column_text]In order<strong><span style=\"font-weight: 400;\">In order to better serve its partners and customers, Logicpulse has very high quality criteria in everything it does, having its <\/span><b>Quality Management system certified<\/b><span style=\"font-weight: 400;\"> in accordance with<\/span> <a href=\"http:\/\/www.certipedia.com\/quality_marks\/9108622357?locale=en\" target=\"_blank\" rel=\"noopener\">ISO 9001:2015<\/a><\/strong>.[\/vc_column_text][\/vc_column][vc_column width=&#8221;1\/2&#8243; offset=&#8221;vc_col-lg-3 vc_col-md-3&#8243;]<span data-type=\"circle\" data-hover-bg-color=\"#2494d2\" data-hover-icon-color=\"#ffffff\" class=\"qode_icon_shortcode fa-stack q_font_awsome_icon_stack fa-lg pull-center \" style=\"font-size: 30px;font-size: 46px; \"><i class=\"fa fa-circle fa-stack-base fa-stack-2x\" style=\"color: #303030;\"><\/i><i class=\"qode_icon_font_awesome fa fa-lightbulb-o qode_icon_element fa-stack-1x\" style=\"font-size: 30px;color: #ffffff;\" ><\/i><\/span>[vc_separator type=&#8221;transparent&#8221; up=&#8221;30&#8243; down=&#8221;0&#8243;][vc_column_text]<\/p>\n<h5>Innovative solutions<\/h5>\n<p>[\/vc_column_text][vc_separator type=&#8221;transparent&#8221; up=&#8221;30&#8243; down=&#8221;0&#8243;][vc_column_text]<span style=\"font-weight: 400;\">We believe that only through research and <\/span><b>development of innovative solutions<\/b><span style=\"font-weight: 400;\"> can we succeed in such a competitive market!<\/span>[\/vc_column_text][\/vc_column][vc_column width=&#8221;1\/2&#8243; offset=&#8221;vc_col-lg-3 vc_col-md-3&#8243;]<span data-type=\"circle\" data-hover-bg-color=\"#2494d2\" data-hover-icon-color=\"#ffffff\" class=\"qode_icon_shortcode fa-stack q_font_awsome_icon_stack fa-lg pull-center \" style=\"font-size: 30px;font-size: 46px; \"><i class=\"fa fa-circle fa-stack-base fa-stack-2x\" style=\"color: #303030;\"><\/i><i class=\"qode_icon_font_awesome fa fa-globe qode_icon_element fa-stack-1x\" style=\"font-size: 30px;color: #ffffff;\" ><\/i><\/span>[vc_separator type=&#8221;transparent&#8221; up=&#8221;30&#8243; down=&#8221;0&#8243;][vc_column_text]<\/p>\n<h5>Global Presence<\/h5>\n<p>[\/vc_column_text][vc_separator type=&#8221;transparent&#8221; up=&#8221;30&#8243; down=&#8221;0&#8243;][vc_column_text]<span style=\"font-weight: 400;\">Logicpulse is present in <\/span><b>several countries<\/b><span style=\"font-weight: 400;\">, always having as a differentiating factor the investment in technological innovation and the competitiveness of its products and solutions.<\/span>[\/vc_column_text][\/vc_column][vc_column width=&#8221;1\/2&#8243; offset=&#8221;vc_col-lg-3 vc_col-md-3&#8243;]<span data-type=\"circle\" data-hover-bg-color=\"#2494d2\" data-hover-icon-color=\"#ffffff\" class=\"qode_icon_shortcode fa-stack q_font_awsome_icon_stack fa-lg pull-center \" style=\"font-size: 30px;font-size: 46px; \"><i class=\"fa fa-circle fa-stack-base fa-stack-2x\" style=\"color: #303030;\"><\/i><i class=\"qode_icon_font_awesome fa fa-handshake-o qode_icon_element fa-stack-1x\" style=\"font-size: 30px;color: #ffffff;\" ><\/i><\/span>[vc_separator type=&#8221;transparent&#8221; up=&#8221;30&#8243; down=&#8221;0&#8243;][vc_column_text]<\/p>\n<h5>Partner Network<\/h5>\n<p>[\/vc_column_text][vc_separator type=&#8221;transparent&#8221; up=&#8221;30&#8243; down=&#8221;0&#8243;][vc_column_text]<span style=\"font-weight: 400;\">We have a <strong>wide network of partners<\/strong> that represents Logicpulse solutions in your area of \u200b\u200binfluence.<\/span> <a href=\"https:\/\/www.logicpulse.com\/en\/become-a-partner\">JOIN OUR PARTNER NETWORK<\/a>.[\/vc_column_text][\/vc_column][\/vc_row][vc_row row_type=&#8221;parallax&#8221; parallax_content_width=&#8221;full_width&#8221; text_align=&#8221;left&#8221; full_screen_section_height=&#8221;no&#8221; background_image=&#8221;15375&#8243;][vc_column][vc_row_inner row_type=&#8221;row&#8221; type=&#8221;grid&#8221; text_align=&#8221;left&#8221; css_animation=&#8221;&#8221; padding_top=&#8221;65&#8243; padding_bottom=&#8221;70&#8243;][vc_column_inner width=&#8221;1\/2&#8243; offset=&#8221;vc_col-lg-offset-0 vc_col-lg-3 vc_col-md-offset-0 vc_col-md-3 vc_col-sm-offset-0&#8243;]<div class=\"q_counter_holder  center\" style=\"\" data-digit=\"8340\"><span class=\"counter  zero\" style=\"\">8340<\/span><span class=\"separator small\" style=\"\"><\/span><p class=\"counter_text\" style=\"color: #ffffff;\">Clientes em todo o Mundo<\/p><\/div>[\/vc_column_inner][vc_column_inner width=&#8221;1\/2&#8243; offset=&#8221;vc_col-lg-offset-0 vc_col-lg-3 vc_col-md-offset-0 vc_col-md-3 vc_col-sm-offset-0&#8243;]<div class=\"q_counter_holder  center\" style=\"\" data-digit=\"18\"><span class=\"counter  zero\" style=\"\">18<\/span><span class=\"separator small\" style=\"\"><\/span><p class=\"counter_text\" style=\"color: #ffffff;\">Anos de Experi\u00eancia<\/p><\/div>[\/vc_column_inner][vc_column_inner width=&#8221;1\/2&#8243; offset=&#8221;vc_col-lg-offset-0 vc_col-lg-3 vc_col-md-offset-0 vc_col-md-3 vc_col-sm-offset-0&#8243;]<div class=\"q_counter_holder  center\" style=\"\" data-digit=\"550\"><span class=\"counter  zero\" style=\"\">550<\/span><span class=\"separator small\" style=\"\"><\/span><p class=\"counter_text\" style=\"color: #ffffff;\">Parceiros<\/p><\/div>[\/vc_column_inner][vc_column_inner width=&#8221;1\/2&#8243; offset=&#8221;vc_col-lg-offset-0 vc_col-lg-3 vc_col-md-offset-0 vc_col-md-3 vc_col-sm-offset-0&#8243;]<div class=\"q_counter_holder  center\" style=\"\" data-digit=\"38\"><span class=\"counter  zero\" style=\"\">38<\/span><span class=\"separator small\" style=\"\"><\/span><p class=\"counter_text\" style=\"color: #ffffff;\">Funcion\u00e1rios<\/p><\/div>[\/vc_column_inner][\/vc_row_inner][\/vc_column][\/vc_row][vc_row css_animation=&#8221;&#8221; row_type=&#8221;row&#8221; use_row_as_full_screen_section=&#8221;no&#8221; type=&#8221;full_width&#8221; angled_section=&#8221;no&#8221; text_align=&#8221;left&#8221; background_image_as_pattern=&#8221;without_pattern&#8221; padding_top=&#8221;50&#8243; padding_bottom=&#8221;50&#8243; transition_delay=&#8221;500&#8243; z_index=&#8221;&#8221;][vc_column][vc_column_text][\/vc_column_text][\/vc_column][\/vc_row]<\/p>\n<\/div>","protected":false},"excerpt":{"rendered":"<p>[vc_row css_animation=&#8221;&#8221; row_type=&#8221;row&#8221; use_row_as_full_screen_section=&#8221;no&#8221; type=&#8221;grid&#8221; angled_section=&#8221;no&#8221; text_align=&#8221;center&#8221; background_image_as_pattern=&#8221;without_pattern&#8221; padding_top=&#8221;20&#8243; z_index=&#8221;&#8221;][vc_column width=&#8221;1\/2&#8243; offset=&#8221;vc_col-lg-6&#8243;][vc_video link=&#8221;https:\/\/www.youtube.com\/watch?v=qwQcBcNHWeM&#8221;][vc_separator type=&#8221;transparent&#8221; up=&#8221;20&#8243; down=&#8221;0&#8243;][\/vc_column][vc_column width=&#8221;1\/2&#8243;][vc_column_text] We are your strategic partner in the analysis, development and implementation of technological solutions for the identification of people and goods, security and business management. [\/vc_column_text][vc_separator type=&#8221;transparent&#8221; up=&#8221;30&#8243;&#8230;<\/p>\n","protected":false},"author":1,"featured_media":0,"parent":0,"menu_order":0,"comment_status":"closed","ping_status":"closed","template":"full_width.php","meta":{"footnotes":""},"class_list":["post-16272","page","type-page","status-publish","hentry"],"yoast_head":"<!-- This site is optimized with the Yoast SEO plugin v26.9 - https:\/\/yoast.com\/product\/yoast-seo-wordpress\/ -->\n<title>About - Q.track - Gest\u00e3o de Filas de Espera | TV Corporativa<\/title>\n<meta name=\"robots\" content=\"index, follow, max-snippet:-1, max-image-preview:large, max-video-preview:-1\" \/>\n<link rel=\"canonical\" href=\"https:\/\/q.track.pt\/en\/about\/\" \/>\n<meta property=\"og:locale\" content=\"en_US\" \/>\n<meta property=\"og:type\" content=\"article\" \/>\n<meta property=\"og:title\" content=\"About - Q.track - Gest\u00e3o de Filas de Espera | TV Corporativa\" \/>\n<meta property=\"og:description\" content=\"[vc_row css_animation=&#8221;&#8221; row_type=&#8221;row&#8221; use_row_as_full_screen_section=&#8221;no&#8221; type=&#8221;grid&#8221; angled_section=&#8221;no&#8221; text_align=&#8221;center&#8221; background_image_as_pattern=&#8221;without_pattern&#8221; padding_top=&#8221;20&#8243; z_index=&#8221;&#8221;][vc_column width=&#8221;1\/2&#8243; offset=&#8221;vc_col-lg-6&#8243;][vc_video link=&#8221;https:\/\/www.youtube.com\/watch?v=qwQcBcNHWeM&#8221;][vc_separator type=&#8221;transparent&#8221; up=&#8221;20&#8243; down=&#8221;0&#8243;][\/vc_column][vc_column width=&#8221;1\/2&#8243;][vc_column_text] We are your strategic partner in the analysis, development and implementation of technological solutions for the identification of people and goods, security and business management. [\/vc_column_text][vc_separator type=&#8221;transparent&#8221; up=&#8221;30&#8243;...\" \/>\n<meta property=\"og:url\" content=\"https:\/\/q.track.pt\/en\/about\/\" \/>\n<meta property=\"og:site_name\" content=\"Q.track - Gest\u00e3o de Filas de Espera | TV Corporativa\" \/>\n<meta property=\"article:modified_time\" content=\"2025-07-23T16:03:35+00:00\" \/>\n<meta name=\"twitter:card\" content=\"summary_large_image\" \/>\n<meta name=\"twitter:label1\" content=\"Est. reading time\" \/>\n\t<meta name=\"twitter:data1\" content=\"3 minutes\" \/>\n<script type=\"application\/ld+json\" class=\"yoast-schema-graph\">{\"@context\":\"https:\/\/schema.org\",\"@graph\":[{\"@type\":\"WebPage\",\"@id\":\"https:\/\/q.track.pt\/en\/about\/\",\"url\":\"https:\/\/q.track.pt\/en\/about\/\",\"name\":\"About - Q.track - Gest\u00e3o de Filas de Espera | TV Corporativa\",\"isPartOf\":{\"@id\":\"https:\/\/q.track.pt\/en\/#website\"},\"datePublished\":\"2022-04-08T13:31:12+00:00\",\"dateModified\":\"2025-07-23T16:03:35+00:00\",\"breadcrumb\":{\"@id\":\"https:\/\/q.track.pt\/en\/about\/#breadcrumb\"},\"inLanguage\":\"en-US\",\"potentialAction\":[{\"@type\":\"ReadAction\",\"target\":[\"https:\/\/q.track.pt\/en\/about\/\"]}]},{\"@type\":\"BreadcrumbList\",\"@id\":\"https:\/\/q.track.pt\/en\/about\/#breadcrumb\",\"itemListElement\":[{\"@type\":\"ListItem\",\"position\":1,\"name\":\"In\u00edcio\",\"item\":\"https:\/\/q.track.pt\/en\/?lang=en\"},{\"@type\":\"ListItem\",\"position\":2,\"name\":\"About\"}]},{\"@type\":\"WebSite\",\"@id\":\"https:\/\/q.track.pt\/en\/#website\",\"url\":\"https:\/\/q.track.pt\/en\/\",\"name\":\"Q.track - Gest\u00e3o de Filas de Espera | TV Corporativa\",\"description\":\"Gest\u00e3o de Filas de Espera | Solu\u00e7\u00e3o de Atendimento | TV Corporativa | Sistema de Avalia\u00e7\u00e3o\",\"potentialAction\":[{\"@type\":\"SearchAction\",\"target\":{\"@type\":\"EntryPoint\",\"urlTemplate\":\"https:\/\/q.track.pt\/en\/?s={search_term_string}\"},\"query-input\":{\"@type\":\"PropertyValueSpecification\",\"valueRequired\":true,\"valueName\":\"search_term_string\"}}],\"inLanguage\":\"en-US\"}]}<\/script>\n<!-- \/ Yoast SEO plugin. -->","yoast_head_json":{"title":"About - Q.track - Gest\u00e3o de Filas de Espera | TV Corporativa","robots":{"index":"index","follow":"follow","max-snippet":"max-snippet:-1","max-image-preview":"max-image-preview:large","max-video-preview":"max-video-preview:-1"},"canonical":"https:\/\/q.track.pt\/en\/about\/","og_locale":"en_US","og_type":"article","og_title":"About - Q.track - Gest\u00e3o de Filas de Espera | TV Corporativa","og_description":"[vc_row css_animation=&#8221;&#8221; row_type=&#8221;row&#8221; use_row_as_full_screen_section=&#8221;no&#8221; type=&#8221;grid&#8221; angled_section=&#8221;no&#8221; text_align=&#8221;center&#8221; background_image_as_pattern=&#8221;without_pattern&#8221; padding_top=&#8221;20&#8243; z_index=&#8221;&#8221;][vc_column width=&#8221;1\/2&#8243; offset=&#8221;vc_col-lg-6&#8243;][vc_video link=&#8221;https:\/\/www.youtube.com\/watch?v=qwQcBcNHWeM&#8221;][vc_separator type=&#8221;transparent&#8221; up=&#8221;20&#8243; down=&#8221;0&#8243;][\/vc_column][vc_column width=&#8221;1\/2&#8243;][vc_column_text] We are your strategic partner in the analysis, development and implementation of technological solutions for the identification of people and goods, security and business management. [\/vc_column_text][vc_separator type=&#8221;transparent&#8221; up=&#8221;30&#8243;...","og_url":"https:\/\/q.track.pt\/en\/about\/","og_site_name":"Q.track - Gest\u00e3o de Filas de Espera | TV Corporativa","article_modified_time":"2025-07-23T16:03:35+00:00","twitter_card":"summary_large_image","twitter_misc":{"Est. reading time":"3 minutes"},"schema":{"@context":"https:\/\/schema.org","@graph":[{"@type":"WebPage","@id":"https:\/\/q.track.pt\/en\/about\/","url":"https:\/\/q.track.pt\/en\/about\/","name":"About - Q.track - Gest\u00e3o de Filas de Espera | TV Corporativa","isPartOf":{"@id":"https:\/\/q.track.pt\/en\/#website"},"datePublished":"2022-04-08T13:31:12+00:00","dateModified":"2025-07-23T16:03:35+00:00","breadcrumb":{"@id":"https:\/\/q.track.pt\/en\/about\/#breadcrumb"},"inLanguage":"en-US","potentialAction":[{"@type":"ReadAction","target":["https:\/\/q.track.pt\/en\/about\/"]}]},{"@type":"BreadcrumbList","@id":"https:\/\/q.track.pt\/en\/about\/#breadcrumb","itemListElement":[{"@type":"ListItem","position":1,"name":"In\u00edcio","item":"https:\/\/q.track.pt\/en\/?lang=en"},{"@type":"ListItem","position":2,"name":"About"}]},{"@type":"WebSite","@id":"https:\/\/q.track.pt\/en\/#website","url":"https:\/\/q.track.pt\/en\/","name":"Q.track - Gest\u00e3o de Filas de Espera | TV Corporativa","description":"Gest\u00e3o de Filas de Espera | Solu\u00e7\u00e3o de Atendimento | TV Corporativa | Sistema de Avalia\u00e7\u00e3o","potentialAction":[{"@type":"SearchAction","target":{"@type":"EntryPoint","urlTemplate":"https:\/\/q.track.pt\/en\/?s={search_term_string}"},"query-input":{"@type":"PropertyValueSpecification","valueRequired":true,"valueName":"search_term_string"}}],"inLanguage":"en-US"}]}},"_links":{"self":[{"href":"https:\/\/q.track.pt\/en\/wp-json\/wp\/v2\/pages\/16272","targetHints":{"allow":["GET"]}}],"collection":[{"href":"https:\/\/q.track.pt\/en\/wp-json\/wp\/v2\/pages"}],"about":[{"href":"https:\/\/q.track.pt\/en\/wp-json\/wp\/v2\/types\/page"}],"author":[{"embeddable":true,"href":"https:\/\/q.track.pt\/en\/wp-json\/wp\/v2\/users\/1"}],"replies":[{"embeddable":true,"href":"https:\/\/q.track.pt\/en\/wp-json\/wp\/v2\/comments?post=16272"}],"version-history":[{"count":6,"href":"https:\/\/q.track.pt\/en\/wp-json\/wp\/v2\/pages\/16272\/revisions"}],"predecessor-version":[{"id":17082,"href":"https:\/\/q.track.pt\/en\/wp-json\/wp\/v2\/pages\/16272\/revisions\/17082"}],"wp:attachment":[{"href":"https:\/\/q.track.pt\/en\/wp-json\/wp\/v2\/media?parent=16272"}],"curies":[{"name":"wp","href":"https:\/\/api.w.org\/{rel}","templated":true}]}}