{"id":16311,"date":"2022-04-11T23:03:26","date_gmt":"2022-04-11T23:03:26","guid":{"rendered":"http:\/\/localhost\/qtrack\/?page_id=16311"},"modified":"2025-01-09T17:59:51","modified_gmt":"2025-01-09T17:59:51","slug":"support-downloads","status":"publish","type":"page","link":"https:\/\/q.track.pt\/en\/support-downloads\/","title":{"rendered":"Support\/Downloads"},"content":{"rendered":"<div class=\"wpb-content-wrapper\"><p>[vc_row css_animation=&#8221;&#8221; row_type=&#8221;row&#8221; use_row_as_full_screen_section=&#8221;yes&#8221; type=&#8221;grid&#8221; angled_section=&#8221;no&#8221; text_align=&#8221;center&#8221; background_image_as_pattern=&#8221;without_pattern&#8221; padding_bottom=&#8221;20&#8243; z_index=&#8221;&#8221; padding_top=&#8221;20&#8243;][vc_column][vc_column_text]<\/p>\n<h2>Customer Support Customized Q.track<\/h2>\n<p>[\/vc_column_text][vc_separator type=&#8221;small&#8221; position=&#8221;center&#8221;][vc_column_text]<\/p>\n<h3>If you have any questions about the use of Q.track, you can contact us by Email or Helpdesk platform.<\/h3>\n<p>[\/vc_column_text][\/vc_column][\/vc_row][vc_row css_animation=&#8221;&#8221; row_type=&#8221;row&#8221; use_row_as_full_screen_section=&#8221;no&#8221; type=&#8221;grid&#8221; angled_section=&#8221;no&#8221; text_align=&#8221;center&#8221; background_image_as_pattern=&#8221;without_pattern&#8221; padding_bottom=&#8221;30&#8243; z_index=&#8221;&#8221;][vc_column width=&#8221;1\/2&#8243; offset=&#8221;vc_col-lg-3 vc_col-md-3&#8243;]<span data-type=\"circle\" data-hover-bg-color=\"#2494d2\" data-hover-icon-color=\"#ffffff\" class=\"qode_icon_shortcode fa-stack q_font_awsome_icon_stack fa-lg pull-center \" style=\"font-size: 30px;font-size: 46px; \"><i class=\"fa fa-circle fa-stack-base fa-stack-2x\" style=\"color: #303030;\"><\/i><i class=\"qode_icon_font_awesome fa fa-phone qode_icon_element fa-stack-1x\" style=\"font-size: 30px;color: #ffffff;\" ><\/i><\/span>[vc_separator type=&#8221;transparent&#8221; up=&#8221;30&#8243; down=&#8221;0&#8243;][vc_column_text]<\/p>\n<h5>TELEPHONE<\/h5>\n<p>[\/vc_column_text][vc_separator type=&#8221;transparent&#8221; up=&#8221;30&#8243; down=&#8221;0&#8243;][vc_column_text]<span style=\"font-weight: 400;\">Call the exclusive technical number <\/span><b>+351 233 042 347<\/b><span style=\"font-weight: 400;\"> and speak to a Logicpulse specialist.<\/span>[\/vc_column_text][\/vc_column][vc_column width=&#8221;1\/2&#8243; offset=&#8221;vc_col-lg-3 vc_col-md-3&#8243;]<span data-type=\"circle\" data-hover-bg-color=\"#2494d2\" data-hover-icon-color=\"#ffffff\" class=\"qode_icon_shortcode fa-stack q_font_awsome_icon_stack fa-lg pull-center \" style=\"font-size: 30px;font-size: 46px; \"><i class=\"fa fa-circle fa-stack-base fa-stack-2x\" style=\"color: #303030;\"><\/i><i class=\"qode_icon_font_awesome fa fa-envelope qode_icon_element fa-stack-1x\" style=\"font-size: 30px;color: #ffffff;\" ><\/i><\/span>[vc_separator type=&#8221;transparent&#8221; up=&#8221;30&#8243; down=&#8221;0&#8243;][vc_column_text]<\/p>\n<h5>HELP-DESK PLATFORM<\/h5>\n<p>[\/vc_column_text][vc_separator type=&#8221;transparent&#8221; up=&#8221;30&#8243; down=&#8221;0&#8243;][vc_column_text]<span style=\"font-weight: 400;\">Submit a<\/span>\u00a0<a href=\"http:\/\/helpdesk.logicpulse.com\/index.php?a=add\" target=\"_blank\" rel=\"noopener\"><strong>ticket<\/strong> <\/a><span style=\"font-weight: 400;\">with all your questions, doubts or suggestions through our platform<\/span> <a href=\"http:\/\/helpdesk.logicpulse.com\/?language=English\" target=\"_blank\" rel=\"noopener\">http:\/\/helpdesk.logicpulse.com<\/a>[\/vc_column_text][\/vc_column][vc_column width=&#8221;1\/2&#8243; offset=&#8221;vc_col-lg-3 vc_col-md-3&#8243;]<span data-type=\"circle\" data-hover-bg-color=\"#2494d2\" data-hover-icon-color=\"#ffffff\" class=\"qode_icon_shortcode fa-stack q_font_awsome_icon_stack fa-lg pull-center \" style=\"font-size: 30px;font-size: 46px; \"><i class=\"fa fa-circle fa-stack-base fa-stack-2x\" style=\"color: #303030;\"><\/i><i class=\"qode_icon_font_awesome fa fa-laptop qode_icon_element fa-stack-1x\" style=\"font-size: 30px;color: #ffffff;\" ><\/i><\/span>[vc_separator type=&#8221;transparent&#8221; up=&#8221;30&#8243; down=&#8221;0&#8243;][vc_column_text]<\/p>\n<h5><strong>REMOTE ACCESS<\/strong><\/h5>\n<p>[\/vc_column_text][vc_separator type=&#8221;transparent&#8221; up=&#8221;30&#8243; down=&#8221;0&#8243;][vc_column_text]<span style=\"font-weight: 400;\">Remote interventions on your terminal by <\/span><b>LogicPulse technicians.<\/b>[\/vc_column_text][\/vc_column][vc_column width=&#8221;1\/2&#8243; offset=&#8221;vc_col-lg-3 vc_col-md-3&#8243;]<span data-type=\"circle\" data-hover-bg-color=\"#2494d2\" data-hover-icon-color=\"#ffffff\" class=\"qode_icon_shortcode fa-stack q_font_awsome_icon_stack fa-lg pull-center \" style=\"font-size: 30px;font-size: 46px; \"><i class=\"fa fa-circle fa-stack-base fa-stack-2x\" style=\"color: #303030;\"><\/i><i class=\"qode_icon_font_awesome fa fa-window-maximize qode_icon_element fa-stack-1x\" style=\"font-size: 30px;color: #ffffff;\" ><\/i><\/span>[vc_separator type=&#8221;transparent&#8221; up=&#8221;30&#8243; down=&#8221;0&#8243;][vc_column_text]<\/p>\n<h5>LIVE CHAT<\/h5>\n<p>[\/vc_column_text][vc_separator type=&#8221;transparent&#8221; up=&#8221;30&#8243; down=&#8221;0&#8243;][vc_column_text]<span style=\"font-weight: 400;\">Chat live now with a <\/span><b>LogicPulse technician.<\/b>[\/vc_column_text][\/vc_column][\/vc_row][vc_row css_animation=&#8221;&#8221; row_type=&#8221;row&#8221; use_row_as_full_screen_section=&#8221;no&#8221; type=&#8221;grid&#8221; angled_section=&#8221;no&#8221; text_align=&#8221;center&#8221; background_image_as_pattern=&#8221;without_pattern&#8221; padding_bottom=&#8221;20&#8243; z_index=&#8221;&#8221; css=&#8221;.vc_custom_1626359324289{background-color: #ffffff !important;}&#8221; background_color=&#8221;#ffffff&#8221; padding_top=&#8221;20&#8243;][vc_column][vc_column_text]<\/p>\n<h2>Downloads<\/h2>\n<p>[\/vc_column_text][vc_separator type=&#8221;small&#8221; position=&#8221;center&#8221;][vc_column_text]<\/p>\n<h3>You can download the always up-to-date material, from the applications to the Q.track solution manuals<\/h3>\n<p>[\/vc_column_text][\/vc_column][\/vc_row][vc_row css_animation=&#8221;&#8221; row_type=&#8221;row&#8221; use_row_as_full_screen_section=&#8221;no&#8221; type=&#8221;grid&#8221; angled_section=&#8221;no&#8221; text_align=&#8221;center&#8221; background_image_as_pattern=&#8221;without_pattern&#8221; padding_bottom=&#8221;50&#8243; z_index=&#8221;&#8221; el_class=&#8221;SupportButtons&#8221; background_color=&#8221;#ffffff&#8221;][vc_column width=&#8221;1\/3&#8243;]<span data-type=\"circle\" data-hover-bg-color=\"#2494d2\" data-hover-icon-color=\"#ffffff\" class=\"qode_icon_shortcode fa-stack q_font_awsome_icon_stack fa-lg pull-center \" style=\"font-size: 30px;font-size: 46px; \"><i class=\"fa fa-circle fa-stack-base fa-stack-2x\" style=\"color: #262626;\"><\/i><i class=\"qode_icon_font_awesome fa fa-info qode_icon_element fa-stack-1x\" style=\"font-size: 30px;color: #ffffff;\" ><\/i><\/span>[vc_separator type=&#8221;transparent&#8221; up=&#8221;30&#8243; down=&#8221;0&#8243;][vc_column_text]<\/p>\n<h5 style=\"text-align: center;\">Manual<\/h5>\n<p>[\/vc_column_text][vc_column_text]Manual in HTML website version and compiled in PDF[\/vc_column_text][vc_separator type=&#8221;transparent&#8221; up=&#8221;30&#8243; down=&#8221;0&#8243;]<a  itemprop=\"url\" href=\"http:\/\/help.q.track.pt\/\" target=\"_blank\"  class=\"qbutton  big_large default css_html\" style=\"margin: 3; \">HTML<i class=\"qode_icon_font_awesome fa fa-html5 qode_button_icon_element\"><\/i><\/a><a  itemprop=\"url\" href=\"https:\/\/box.track.pt\/files\/Q.track\/MANUAL\/Manual_Qtrack_vs6_PT.pdf\" target=\"_blank\"  class=\"qbutton  big_large default\" style=\"margin: 3; \">PDF<i class=\"qode_icon_font_awesome fa fa-file-pdf-o qode_button_icon_element\"><\/i><\/a>[\/vc_column][vc_column width=&#8221;1\/3&#8243;]<span data-type=\"circle\" data-hover-bg-color=\"#2494d2\" data-hover-icon-color=\"#ffffff\" class=\"qode_icon_shortcode fa-stack q_font_awsome_icon_stack fa-lg pull-center \" style=\"font-size: 30px;font-size: 46px; \"><i class=\"fa fa-circle fa-stack-base fa-stack-2x\" style=\"color: #262626;\"><\/i><i class=\"qode_icon_font_awesome fa fa-book qode_icon_element fa-stack-1x\" style=\"font-size: 30px;color: #ffffff;\" ><\/i><\/span>[vc_separator type=&#8221;transparent&#8221; up=&#8221;30&#8243; down=&#8221;0&#8243;][vc_column_text]<\/p>\n<h5 style=\"text-align: center;\">Catalog<\/h5>\n<p>[\/vc_column_text][vc_column_text]Queue Management | Corporate TV | Satisfaction Surveys[\/vc_column_text][vc_separator type=&#8221;transparent&#8221; up=&#8221;30&#8243; down=&#8221;0&#8243;]<a  itemprop=\"url\" href=\"https:\/\/box.track.pt\/files\/Q.track\/MARKETING\/EN\/LogicPulse-catalog-q.track-solution-of-management-queue-and-digital-signage_EN.pdf\" target=\"_blank\"  class=\"qbutton  big_large default\" style=\"\">Queues and Coporative TV<i class=\"qode_icon_font_awesome fa fa-file-pdf-o qode_button_icon_element\"><\/i><\/a><a  itemprop=\"url\" href=\"https:\/\/box.track.pt\/files\/Q.track\/MARKETING\/EN\/LogicPulse-catalog-q.track-TV-Corporate_EN.pdf\" target=\"_blank\"  class=\"qbutton  big_large default\" style=\"\">Corporate TV<i class=\"qode_icon_font_awesome fa fa-file-pdf-o qode_button_icon_element\"><\/i><\/a><a  itemprop=\"url\" href=\"https:\/\/box.track.pt\/files\/Q.track\/MARKETING\/EN\/LogicPulse-catalog-q.track-TV-Corporate-for-pharmacies-and-clinics_EN.pdf\" target=\"_blank\"  class=\"qbutton  big_large default\" style=\"\">Corporate TV - Pharmacies and Clinics<i class=\"qode_icon_font_awesome fa fa-file-pdf-o qode_button_icon_element\"><\/i><\/a><a  itemprop=\"url\" href=\"https:\/\/box.track.pt\/files\/Q.track\/MARKETING\/EN\/LogicPulse-catalog-q.track-survey.track-customer-satisfaction-survey-solution_EN.pdf\" target=\"_blank\"  class=\"qbutton  big_large default\" style=\"\">Customer Satisfaction Evaluation<i class=\"qode_icon_font_awesome fa fa-file-pdf-o qode_button_icon_element\"><\/i><\/a>[\/vc_column][vc_column width=&#8221;1\/3&#8243;]<span data-type=\"circle\" data-hover-bg-color=\"#2494d2\" data-hover-icon-color=\"#ffffff\" class=\"qode_icon_shortcode fa-stack q_font_awsome_icon_stack fa-lg pull-center \" style=\"font-size: 30px;font-size: 46px; \"><i class=\"fa fa-circle fa-stack-base fa-stack-2x\" style=\"color: #262626;\"><\/i><i class=\"qode_icon_font_awesome fa fa-download qode_icon_element fa-stack-1x\" style=\"font-size: 30px;color: #ffffff;\" ><\/i><\/span>[vc_separator type=&#8221;transparent&#8221; up=&#8221;30&#8243; down=&#8221;0&#8243;][vc_column_text]<\/p>\n<h5 style=\"text-align: center;\">Software<\/h5>\n<p>[\/vc_column_text][vc_column_text]Q.track solution software[\/vc_column_text][vc_separator type=&#8221;transparent&#8221; up=&#8221;30&#8243; down=&#8221;0&#8243;]<a  itemprop=\"url\" href=\"https:\/\/box.track.pt\/files\/latest\/q.track.exe\" target=\"_blank\"  class=\"qbutton  big_large default\" style=\"\">DOWNLOAD<i class=\"qode_icon_font_awesome fa fa-windows qode_button_icon_element\"><\/i><\/a>[\/vc_column][\/vc_row][vc_row css_animation=&#8221;&#8221; row_type=&#8221;row&#8221; use_row_as_full_screen_section=&#8221;yes&#8221; type=&#8221;grid&#8221; angled_section=&#8221;no&#8221; text_align=&#8221;center&#8221; background_image_as_pattern=&#8221;without_pattern&#8221; padding_bottom=&#8221;20&#8243; z_index=&#8221;&#8221; padding_top=&#8221;30&#8243;][vc_column][vc_column_text]<\/p>\n<h2>ILLUSTRATIVE VIDEOS<\/h2>\n<p>[\/vc_column_text][vc_separator type=&#8221;small&#8221; position=&#8221;center&#8221;][\/vc_column][\/vc_row][vc_row css_animation=&#8221;&#8221; row_type=&#8221;row&#8221; use_row_as_full_screen_section=&#8221;yes&#8221; type=&#8221;grid&#8221; angled_section=&#8221;no&#8221; text_align=&#8221;center&#8221; background_image_as_pattern=&#8221;without_pattern&#8221; padding_bottom=&#8221;20&#8243; z_index=&#8221;&#8221; el_class=&#8221;Supportvideos&#8221;][vc_column width=&#8221;1\/2&#8243;][vc_video link=&#8221;https:\/\/www.youtube.com\/watch?v=tV61bGsyDPw&#8221; title=&#8221;Queue Management + Corporate TV \/ Sector: Rent-a-Car&#8221;][vc_video link=&#8221;https:\/\/www.youtube.com\/watch?v=p9WIKMNWZ9w&amp;t=49s&#8221; title=&#8221;Safe Service Solution&#8221;][vc_video link=&#8221;https:\/\/www.youtube.com\/watch?v=9ZkOQQ9aFoE&#8221; title=&#8221;Queue Management + Corporate TV \/ Sector: Healthcare&#8221;][\/vc_column][vc_column width=&#8221;1\/2&#8243;][vc_video link=&#8221;https:\/\/www.youtube.com\/watch?v=qdH4bYfWrw4&#8243; title=&#8221;Queue Management + Corporate TV \/ Sector: Public Services&#8221;][vc_video link=&#8221;https:\/\/www.youtube.com\/watch?v=WOEDGsSLM_Y&#8221; title=&#8221;Queue Management + Corporate TV \/ Sector: Automotive&#8221;][vc_video link=&#8221;https:\/\/www.youtube.com\/watch?v=lvqQxBysjE4&#8243; title=&#8221;Queue Management + Corporate TV \/ Sector: Public Sector Services&#8221;][\/vc_column][\/vc_row]<\/p>\n<\/div>","protected":false},"excerpt":{"rendered":"<p>[vc_row css_animation=&#8221;&#8221; row_type=&#8221;row&#8221; use_row_as_full_screen_section=&#8221;yes&#8221; type=&#8221;grid&#8221; angled_section=&#8221;no&#8221; text_align=&#8221;center&#8221; background_image_as_pattern=&#8221;without_pattern&#8221; padding_bottom=&#8221;20&#8243; z_index=&#8221;&#8221; padding_top=&#8221;20&#8243;][vc_column][vc_column_text] Customer Support Customized Q.track [\/vc_column_text][vc_separator type=&#8221;small&#8221; position=&#8221;center&#8221;][vc_column_text] If you have any questions about the use of Q.track, you can contact us by Email or Helpdesk platform. [\/vc_column_text][\/vc_column][\/vc_row][vc_row css_animation=&#8221;&#8221; row_type=&#8221;row&#8221; use_row_as_full_screen_section=&#8221;no&#8221; type=&#8221;grid&#8221; angled_section=&#8221;no&#8221; text_align=&#8221;center&#8221; background_image_as_pattern=&#8221;without_pattern&#8221;&#8230;<\/p>\n","protected":false},"author":1,"featured_media":0,"parent":0,"menu_order":0,"comment_status":"closed","ping_status":"closed","template":"full_width.php","meta":{"footnotes":""},"class_list":["post-16311","page","type-page","status-publish","hentry"],"yoast_head":"<!-- This site is optimized with the Yoast SEO plugin v26.9 - https:\/\/yoast.com\/product\/yoast-seo-wordpress\/ -->\n<title>Support\/Downloads - Q.track - Gest\u00e3o de Filas de Espera | TV Corporativa<\/title>\n<meta name=\"description\" content=\"Access the Q.Track support page. Find manuals, contacts, downloads, and access to the helpdesk platform for all the assistance you need.\" \/>\n<meta name=\"robots\" content=\"index, follow, max-snippet:-1, max-image-preview:large, max-video-preview:-1\" \/>\n<link rel=\"canonical\" href=\"https:\/\/q.track.pt\/en\/support-downloads\/\" \/>\n<meta property=\"og:locale\" content=\"en_US\" \/>\n<meta property=\"og:type\" content=\"article\" \/>\n<meta property=\"og:title\" content=\"Support\/Downloads - Q.track - Gest\u00e3o de Filas de Espera | TV Corporativa\" \/>\n<meta property=\"og:description\" content=\"Access the Q.Track support page. Find manuals, contacts, downloads, and access to the helpdesk platform for all the assistance you need.\" \/>\n<meta property=\"og:url\" content=\"https:\/\/q.track.pt\/en\/support-downloads\/\" \/>\n<meta property=\"og:site_name\" content=\"Q.track - Gest\u00e3o de Filas de Espera | TV Corporativa\" \/>\n<meta property=\"article:modified_time\" content=\"2025-01-09T17:59:51+00:00\" \/>\n<meta name=\"twitter:card\" content=\"summary_large_image\" \/>\n<meta name=\"twitter:label1\" content=\"Est. reading time\" \/>\n\t<meta name=\"twitter:data1\" content=\"3 minutes\" \/>\n<script type=\"application\/ld+json\" class=\"yoast-schema-graph\">{\"@context\":\"https:\/\/schema.org\",\"@graph\":[{\"@type\":\"WebPage\",\"@id\":\"https:\/\/q.track.pt\/en\/support-downloads\/\",\"url\":\"https:\/\/q.track.pt\/en\/support-downloads\/\",\"name\":\"Support\/Downloads - Q.track - Gest\u00e3o de Filas de Espera | TV Corporativa\",\"isPartOf\":{\"@id\":\"https:\/\/q.track.pt\/en\/#website\"},\"datePublished\":\"2022-04-11T23:03:26+00:00\",\"dateModified\":\"2025-01-09T17:59:51+00:00\",\"description\":\"Access the Q.Track support page. Find manuals, contacts, downloads, and access to the helpdesk platform for all the assistance you need.\",\"breadcrumb\":{\"@id\":\"https:\/\/q.track.pt\/en\/support-downloads\/#breadcrumb\"},\"inLanguage\":\"en-US\",\"potentialAction\":[{\"@type\":\"ReadAction\",\"target\":[\"https:\/\/q.track.pt\/en\/support-downloads\/\"]}]},{\"@type\":\"BreadcrumbList\",\"@id\":\"https:\/\/q.track.pt\/en\/support-downloads\/#breadcrumb\",\"itemListElement\":[{\"@type\":\"ListItem\",\"position\":1,\"name\":\"In\u00edcio\",\"item\":\"https:\/\/q.track.pt\/en\/?lang=en\"},{\"@type\":\"ListItem\",\"position\":2,\"name\":\"Support\/Downloads\"}]},{\"@type\":\"WebSite\",\"@id\":\"https:\/\/q.track.pt\/en\/#website\",\"url\":\"https:\/\/q.track.pt\/en\/\",\"name\":\"Q.track - Gest\u00e3o de Filas de Espera | TV Corporativa\",\"description\":\"Gest\u00e3o de Filas de Espera | Solu\u00e7\u00e3o de Atendimento | TV Corporativa | Sistema de Avalia\u00e7\u00e3o\",\"potentialAction\":[{\"@type\":\"SearchAction\",\"target\":{\"@type\":\"EntryPoint\",\"urlTemplate\":\"https:\/\/q.track.pt\/en\/?s={search_term_string}\"},\"query-input\":{\"@type\":\"PropertyValueSpecification\",\"valueRequired\":true,\"valueName\":\"search_term_string\"}}],\"inLanguage\":\"en-US\"}]}<\/script>\n<!-- \/ Yoast SEO plugin. -->","yoast_head_json":{"title":"Support\/Downloads - Q.track - Gest\u00e3o de Filas de Espera | TV Corporativa","description":"Access the Q.Track support page. Find manuals, contacts, downloads, and access to the helpdesk platform for all the assistance you need.","robots":{"index":"index","follow":"follow","max-snippet":"max-snippet:-1","max-image-preview":"max-image-preview:large","max-video-preview":"max-video-preview:-1"},"canonical":"https:\/\/q.track.pt\/en\/support-downloads\/","og_locale":"en_US","og_type":"article","og_title":"Support\/Downloads - Q.track - Gest\u00e3o de Filas de Espera | TV Corporativa","og_description":"Access the Q.Track support page. Find manuals, contacts, downloads, and access to the helpdesk platform for all the assistance you need.","og_url":"https:\/\/q.track.pt\/en\/support-downloads\/","og_site_name":"Q.track - Gest\u00e3o de Filas de Espera | TV Corporativa","article_modified_time":"2025-01-09T17:59:51+00:00","twitter_card":"summary_large_image","twitter_misc":{"Est. reading time":"3 minutes"},"schema":{"@context":"https:\/\/schema.org","@graph":[{"@type":"WebPage","@id":"https:\/\/q.track.pt\/en\/support-downloads\/","url":"https:\/\/q.track.pt\/en\/support-downloads\/","name":"Support\/Downloads - Q.track - Gest\u00e3o de Filas de Espera | TV Corporativa","isPartOf":{"@id":"https:\/\/q.track.pt\/en\/#website"},"datePublished":"2022-04-11T23:03:26+00:00","dateModified":"2025-01-09T17:59:51+00:00","description":"Access the Q.Track support page. Find manuals, contacts, downloads, and access to the helpdesk platform for all the assistance you need.","breadcrumb":{"@id":"https:\/\/q.track.pt\/en\/support-downloads\/#breadcrumb"},"inLanguage":"en-US","potentialAction":[{"@type":"ReadAction","target":["https:\/\/q.track.pt\/en\/support-downloads\/"]}]},{"@type":"BreadcrumbList","@id":"https:\/\/q.track.pt\/en\/support-downloads\/#breadcrumb","itemListElement":[{"@type":"ListItem","position":1,"name":"In\u00edcio","item":"https:\/\/q.track.pt\/en\/?lang=en"},{"@type":"ListItem","position":2,"name":"Support\/Downloads"}]},{"@type":"WebSite","@id":"https:\/\/q.track.pt\/en\/#website","url":"https:\/\/q.track.pt\/en\/","name":"Q.track - Gest\u00e3o de Filas de Espera | TV Corporativa","description":"Gest\u00e3o de Filas de Espera | Solu\u00e7\u00e3o de Atendimento | TV Corporativa | Sistema de Avalia\u00e7\u00e3o","potentialAction":[{"@type":"SearchAction","target":{"@type":"EntryPoint","urlTemplate":"https:\/\/q.track.pt\/en\/?s={search_term_string}"},"query-input":{"@type":"PropertyValueSpecification","valueRequired":true,"valueName":"search_term_string"}}],"inLanguage":"en-US"}]}},"_links":{"self":[{"href":"https:\/\/q.track.pt\/en\/wp-json\/wp\/v2\/pages\/16311","targetHints":{"allow":["GET"]}}],"collection":[{"href":"https:\/\/q.track.pt\/en\/wp-json\/wp\/v2\/pages"}],"about":[{"href":"https:\/\/q.track.pt\/en\/wp-json\/wp\/v2\/types\/page"}],"author":[{"embeddable":true,"href":"https:\/\/q.track.pt\/en\/wp-json\/wp\/v2\/users\/1"}],"replies":[{"embeddable":true,"href":"https:\/\/q.track.pt\/en\/wp-json\/wp\/v2\/comments?post=16311"}],"version-history":[{"count":11,"href":"https:\/\/q.track.pt\/en\/wp-json\/wp\/v2\/pages\/16311\/revisions"}],"predecessor-version":[{"id":16610,"href":"https:\/\/q.track.pt\/en\/wp-json\/wp\/v2\/pages\/16311\/revisions\/16610"}],"wp:attachment":[{"href":"https:\/\/q.track.pt\/en\/wp-json\/wp\/v2\/media?parent=16311"}],"curies":[{"name":"wp","href":"https:\/\/api.w.org\/{rel}","templated":true}]}}