{"id":16256,"date":"2021-04-01T10:39:37","date_gmt":"2022-04-07T17:13:05","guid":{"rendered":"http:\/\/localhost\/qtrack?post_type=product&#038;p=16256"},"modified":"2025-07-23T09:45:50","modified_gmt":"2025-07-23T09:45:50","slug":"sv-wall-kiosk-android","status":"publish","type":"product","link":"https:\/\/q.track.pt\/en\/produto\/sv-wall-kiosk-android\/","title":{"rendered":"SV-Wall Kiosk &#8211; Android"},"content":{"rendered":"<ul>\n<li class=\"grayTick\"><strong><a href=\"https:\/\/www.logicpulse.com\/en\/multimedia-kiosks\" target=\"_blank\" rel=\"noopener\">SV-Wall Kiosk &#8211; Android \/ Learn more about our multimedia kiosks multim\u00e9dia<\/a><\/strong><\/li>\n<li class=\"grayTick\"><strong>Power:<\/strong> 230V<\/li>\n<li class=\"grayTick\"><strong>Screen:<\/strong> TFT Multi touch 10.1\u201d, 1280\u00d7800 PX<\/li>\n<li class=\"grayTick\"><strong>Touch Sensor:<\/strong> Capacitive<\/li>\n<li class=\"grayTick\"><strong>Communication:<\/strong> Direct TCP\/IP (DHCP only), Wireless, Nanorouter (optional), Micro USB, Bluetooth<\/li>\n<li class=\"grayTick\"><strong>Application Mode:<\/strong> Vertical or Horizontal<\/li>\n<li class=\"grayTick\"><strong>Operating System:<\/strong> Android 10<\/li>\n<li class=\"grayTick\"><strong>CPU:<\/strong> Quad Core 1.3 GHz<\/li>\n<li class=\"grayTick\"><strong>Material:<\/strong> Wall support and Exran Box in 1.5mm ST12 Steel sheet in black, white, Stainless steel (Opc.), Other (Opc.), Epoxy paint.<\/li>\n<li class=\"grayTick\"><strong>Sound :<\/strong> Yes<\/li>\n<li class=\"grayTick\"><strong>RAM memory:<\/strong> 2 GB<\/li>\n<li class=\"grayTick\"><strong>Disk:<\/strong> 32 GB<\/li>\n<li class=\"grayTick\"><strong>App. Environment:<\/strong> Indoors<\/li>\n<li class=\"grayTick\"><strong>Operating Temperature:<\/strong> -10 \u00b0C to 75 \u00b0C<\/li>\n<li class=\"grayTick\"><strong>Protection Index:<\/strong> IP50<\/li>\n<li class=\"grayTick\"><strong>Color:<\/strong> Black, White, Other(Option)<\/li>\n<li class=\"grayTick\"><strong>Weight:<\/strong> 5 KG<\/li>\n<li class=\"grayTick\"><strong>Screen Box (in Horiz.):<\/strong> 320(L)x35(W)x220(H)mm<\/li>\n<li class=\"grayTick\"><strong>Wall Fastener:<\/strong> 184(L)x110(W)x199(H)mm<\/li>\n<li class=\"grayTick\"><strong>General Dimensions:<\/strong> 320(L)x144(W)x220(H) mm<\/li>\n<li class=\"grayTick\"><strong>Options:<\/strong> Customized Color for any RAL or Stainless Steel 304, Customized structure with the Customer&#8217;s brand<\/li>\n<\/ul>\n<div class=\"related products\"><\/div>\n<h5>Leader in the Manufacturing of Multimedia Kiosks and Ticket Dispensers<\/h5>\n<p>Logicpulse is a top-tier manufacturer dedicated to the development of ticket dispensers and multimedia kiosks, always using high-quality materials such as aluminum sheet, steel sheet, and stainless steel 304 or 316. These materials ensure robustness and durability in every piece of equipment. Furthermore, all products are finished with epoxy paint, providing additional protection against wear and corrosion, making them ideal for various environments. To reinforce trust in our equipment, the devices incorporated in each kiosk are duly certified and rigorously tested, thus ensuring compliance with the highest standards of quality and reliability. This attention to detail translates into equipment that offers a long service life and maximum efficiency, fully tailored to meet customer needs.<\/p>\n<p><strong><a href=\"https:\/\/q.track.pt\/multimedia-kiosk\/?lang=en\">SEE ALL KIOSKS<\/a><\/strong><\/p>\n","protected":false},"excerpt":{"rendered":"<h6>Wall kiosk with touch screen available in multiple colors, ideal for presenting satisfaction surveys, service management and corporate tv.<\/h6>\n<p>The QMSV4 is a wall-mounted multimedia kiosk, ideal for conducting satisfaction surveys, managing service queues, and displaying corporate TV content to customers, users, and employees. The QMSV4 kiosk features a touch screen, enabling navigation across multiple screens, and offers high stability and rigidity with its structure made from a wall-mounted case of 1.5mm ST12 steel, finished in white with epoxy paint.<br \/>\nThis kiosk can be installed in any indoor environment, with the option to mount the screen either vertically or horizontally.<\/p>\n<p><span class=\"desc_catalog\">DATASHEET:<\/span><a class=\"img_download\" href=\"https:\/\/box.track.pt\/files\/Q.track\/MARKETING\/EN\/DATASHEETS\/QMSV4_en.pdf\" target=\"blank_\" rel=\"noopener\"><img decoding=\"async\" src=\"https:\/\/q.track.pt\/wp-content\/uploads\/2021\/05\/file-pdf.svg\" alt=\"SV-Wall Kiosk \u2013 Android [ QMSV4] \" border=\"0\" \/><\/a><\/p>\n","protected":false},"featured_media":15507,"template":"","meta":[],"product_brand":[],"product_cat":[140],"product_tag":[],"class_list":{"0":"post-16256","1":"product","2":"type-product","3":"status-publish","4":"has-post-thumbnail","6":"product_cat-multimedia-kiosks-en","8":"first","9":"instock","10":"shipping-taxable","11":"product-type-simple"},"yoast_head":"<!-- This site is optimized with the Yoast SEO plugin v26.9 - https:\/\/yoast.com\/product\/yoast-seo-wordpress\/ -->\n<title>SV-Wall Kiosk - Android - Q.track - Gest\u00e3o de Filas de Espera | TV Corporativa<\/title>\n<meta name=\"description\" content=\"Wall kiosk with touch screen available in multiple colors, ideal for presenting satisfaction surveys, service management and corporate tv...\" \/>\n<meta name=\"robots\" content=\"index, follow, max-snippet:-1, max-image-preview:large, max-video-preview:-1\" \/>\n<link rel=\"canonical\" href=\"https:\/\/q.track.pt\/en\/produto\/sv-wall-kiosk-android\/\" \/>\n<meta property=\"og:locale\" content=\"en_US\" \/>\n<meta property=\"og:type\" content=\"article\" \/>\n<meta property=\"og:title\" content=\"SV-Wall Kiosk - Android - Q.track - Gest\u00e3o de Filas de Espera | TV Corporativa\" \/>\n<meta property=\"og:description\" content=\"Wall kiosk with touch screen available in multiple colors, ideal for presenting satisfaction surveys, service management and corporate tv...\" \/>\n<meta property=\"og:url\" content=\"https:\/\/q.track.pt\/en\/produto\/sv-wall-kiosk-android\/\" \/>\n<meta property=\"og:site_name\" content=\"Q.track - Gest\u00e3o de Filas de Espera | TV Corporativa\" \/>\n<meta property=\"article:modified_time\" content=\"2025-07-23T09:45:50+00:00\" \/>\n<meta property=\"og:image\" content=\"https:\/\/q.track.pt\/wp-content\/uploads\/2021\/04\/QMSV4-1.png\" \/>\n\t<meta property=\"og:image:width\" content=\"638\" \/>\n\t<meta property=\"og:image:height\" content=\"638\" \/>\n\t<meta property=\"og:image:type\" content=\"image\/png\" \/>\n<meta name=\"twitter:card\" content=\"summary_large_image\" \/>\n<meta name=\"twitter:label1\" content=\"Est. reading time\" \/>\n\t<meta name=\"twitter:data1\" content=\"2 minutes\" \/>\n<script type=\"application\/ld+json\" class=\"yoast-schema-graph\">{\"@context\":\"https:\/\/schema.org\",\"@graph\":[{\"@type\":\"WebPage\",\"@id\":\"https:\/\/q.track.pt\/en\/produto\/sv-wall-kiosk-android\/\",\"url\":\"https:\/\/q.track.pt\/en\/produto\/sv-wall-kiosk-android\/\",\"name\":\"SV-Wall Kiosk - Android - Q.track - Gest\u00e3o de Filas de Espera | TV Corporativa\",\"isPartOf\":{\"@id\":\"https:\/\/q.track.pt\/en\/#website\"},\"primaryImageOfPage\":{\"@id\":\"https:\/\/q.track.pt\/en\/produto\/sv-wall-kiosk-android\/#primaryimage\"},\"image\":{\"@id\":\"https:\/\/q.track.pt\/en\/produto\/sv-wall-kiosk-android\/#primaryimage\"},\"thumbnailUrl\":\"https:\/\/q.track.pt\/wp-content\/uploads\/2021\/04\/QMSV4-1.png\",\"datePublished\":\"2022-04-07T17:13:05+00:00\",\"dateModified\":\"2025-07-23T09:45:50+00:00\",\"description\":\"Wall kiosk with touch screen available in multiple colors, ideal for presenting satisfaction surveys, service management and corporate tv...\",\"breadcrumb\":{\"@id\":\"https:\/\/q.track.pt\/en\/produto\/sv-wall-kiosk-android\/#breadcrumb\"},\"inLanguage\":\"en-US\",\"potentialAction\":[{\"@type\":\"ReadAction\",\"target\":[\"https:\/\/q.track.pt\/en\/produto\/sv-wall-kiosk-android\/\"]}]},{\"@type\":\"ImageObject\",\"inLanguage\":\"en-US\",\"@id\":\"https:\/\/q.track.pt\/en\/produto\/sv-wall-kiosk-android\/#primaryimage\",\"url\":\"https:\/\/q.track.pt\/wp-content\/uploads\/2021\/04\/QMSV4-1.png\",\"contentUrl\":\"https:\/\/q.track.pt\/wp-content\/uploads\/2021\/04\/QMSV4-1.png\",\"width\":638,\"height\":638,\"caption\":\"Quiosque Multim\u00e9dia, Sistema de Inqu\u00e9rito de Satisfa\u00e7\u00e3o, SV-WALL KIOSK - ANDROID - Branco\"},{\"@type\":\"BreadcrumbList\",\"@id\":\"https:\/\/q.track.pt\/en\/produto\/sv-wall-kiosk-android\/#breadcrumb\",\"itemListElement\":[{\"@type\":\"ListItem\",\"position\":1,\"name\":\"In\u00edcio\",\"item\":\"https:\/\/q.track.pt\/en\/?lang=en\"},{\"@type\":\"ListItem\",\"position\":2,\"name\":\"Multimedia Kiosk\",\"item\":\"https:\/\/q.track.pt\/multimedia-kiosk\/?lang=en\"},{\"@type\":\"ListItem\",\"position\":3,\"name\":\"MULTIMEDIA KIOSKS\",\"item\":\"https:\/\/q.track.pt\/en\/categoria-produto\/multimedia-kiosks-en\/\"},{\"@type\":\"ListItem\",\"position\":4,\"name\":\"SV-Wall Kiosk &#8211; Android\"}]},{\"@type\":\"WebSite\",\"@id\":\"https:\/\/q.track.pt\/en\/#website\",\"url\":\"https:\/\/q.track.pt\/en\/\",\"name\":\"Q.track - Gest\u00e3o de Filas de Espera | TV Corporativa\",\"description\":\"Gest\u00e3o de Filas de Espera | Solu\u00e7\u00e3o de Atendimento | TV Corporativa | Sistema de Avalia\u00e7\u00e3o\",\"potentialAction\":[{\"@type\":\"SearchAction\",\"target\":{\"@type\":\"EntryPoint\",\"urlTemplate\":\"https:\/\/q.track.pt\/en\/?s={search_term_string}\"},\"query-input\":{\"@type\":\"PropertyValueSpecification\",\"valueRequired\":true,\"valueName\":\"search_term_string\"}}],\"inLanguage\":\"en-US\"}]}<\/script>\n<!-- \/ Yoast SEO plugin. -->","yoast_head_json":{"title":"SV-Wall Kiosk - Android - Q.track - Gest\u00e3o de Filas de Espera | TV Corporativa","description":"Wall kiosk with touch screen available in multiple colors, ideal for presenting satisfaction surveys, service management and corporate tv...","robots":{"index":"index","follow":"follow","max-snippet":"max-snippet:-1","max-image-preview":"max-image-preview:large","max-video-preview":"max-video-preview:-1"},"canonical":"https:\/\/q.track.pt\/en\/produto\/sv-wall-kiosk-android\/","og_locale":"en_US","og_type":"article","og_title":"SV-Wall Kiosk - Android - Q.track - Gest\u00e3o de Filas de Espera | TV Corporativa","og_description":"Wall kiosk with touch screen available in multiple colors, ideal for presenting satisfaction surveys, service management and corporate tv...","og_url":"https:\/\/q.track.pt\/en\/produto\/sv-wall-kiosk-android\/","og_site_name":"Q.track - Gest\u00e3o de Filas de Espera | TV Corporativa","article_modified_time":"2025-07-23T09:45:50+00:00","og_image":[{"width":638,"height":638,"url":"https:\/\/q.track.pt\/wp-content\/uploads\/2021\/04\/QMSV4-1.png","type":"image\/png"}],"twitter_card":"summary_large_image","twitter_misc":{"Est. reading time":"2 minutes"},"schema":{"@context":"https:\/\/schema.org","@graph":[{"@type":"WebPage","@id":"https:\/\/q.track.pt\/en\/produto\/sv-wall-kiosk-android\/","url":"https:\/\/q.track.pt\/en\/produto\/sv-wall-kiosk-android\/","name":"SV-Wall Kiosk - Android - Q.track - Gest\u00e3o de Filas de Espera | TV Corporativa","isPartOf":{"@id":"https:\/\/q.track.pt\/en\/#website"},"primaryImageOfPage":{"@id":"https:\/\/q.track.pt\/en\/produto\/sv-wall-kiosk-android\/#primaryimage"},"image":{"@id":"https:\/\/q.track.pt\/en\/produto\/sv-wall-kiosk-android\/#primaryimage"},"thumbnailUrl":"https:\/\/q.track.pt\/wp-content\/uploads\/2021\/04\/QMSV4-1.png","datePublished":"2022-04-07T17:13:05+00:00","dateModified":"2025-07-23T09:45:50+00:00","description":"Wall kiosk with touch screen available in multiple colors, ideal for presenting satisfaction surveys, service management and corporate tv...","breadcrumb":{"@id":"https:\/\/q.track.pt\/en\/produto\/sv-wall-kiosk-android\/#breadcrumb"},"inLanguage":"en-US","potentialAction":[{"@type":"ReadAction","target":["https:\/\/q.track.pt\/en\/produto\/sv-wall-kiosk-android\/"]}]},{"@type":"ImageObject","inLanguage":"en-US","@id":"https:\/\/q.track.pt\/en\/produto\/sv-wall-kiosk-android\/#primaryimage","url":"https:\/\/q.track.pt\/wp-content\/uploads\/2021\/04\/QMSV4-1.png","contentUrl":"https:\/\/q.track.pt\/wp-content\/uploads\/2021\/04\/QMSV4-1.png","width":638,"height":638,"caption":"Quiosque Multim\u00e9dia, Sistema de Inqu\u00e9rito de Satisfa\u00e7\u00e3o, SV-WALL KIOSK - ANDROID - Branco"},{"@type":"BreadcrumbList","@id":"https:\/\/q.track.pt\/en\/produto\/sv-wall-kiosk-android\/#breadcrumb","itemListElement":[{"@type":"ListItem","position":1,"name":"In\u00edcio","item":"https:\/\/q.track.pt\/en\/?lang=en"},{"@type":"ListItem","position":2,"name":"Multimedia Kiosk","item":"https:\/\/q.track.pt\/multimedia-kiosk\/?lang=en"},{"@type":"ListItem","position":3,"name":"MULTIMEDIA KIOSKS","item":"https:\/\/q.track.pt\/en\/categoria-produto\/multimedia-kiosks-en\/"},{"@type":"ListItem","position":4,"name":"SV-Wall Kiosk &#8211; Android"}]},{"@type":"WebSite","@id":"https:\/\/q.track.pt\/en\/#website","url":"https:\/\/q.track.pt\/en\/","name":"Q.track - Gest\u00e3o de Filas de Espera | TV Corporativa","description":"Gest\u00e3o de Filas de Espera | Solu\u00e7\u00e3o de Atendimento | TV Corporativa | Sistema de Avalia\u00e7\u00e3o","potentialAction":[{"@type":"SearchAction","target":{"@type":"EntryPoint","urlTemplate":"https:\/\/q.track.pt\/en\/?s={search_term_string}"},"query-input":{"@type":"PropertyValueSpecification","valueRequired":true,"valueName":"search_term_string"}}],"inLanguage":"en-US"}]}},"_links":{"self":[{"href":"https:\/\/q.track.pt\/en\/wp-json\/wp\/v2\/product\/16256","targetHints":{"allow":["GET"]}}],"collection":[{"href":"https:\/\/q.track.pt\/en\/wp-json\/wp\/v2\/product"}],"about":[{"href":"https:\/\/q.track.pt\/en\/wp-json\/wp\/v2\/types\/product"}],"wp:featuredmedia":[{"embeddable":true,"href":"https:\/\/q.track.pt\/en\/wp-json\/wp\/v2\/media\/15507"}],"wp:attachment":[{"href":"https:\/\/q.track.pt\/en\/wp-json\/wp\/v2\/media?parent=16256"}],"wp:term":[{"taxonomy":"product_brand","embeddable":true,"href":"https:\/\/q.track.pt\/en\/wp-json\/wp\/v2\/product_brand?post=16256"},{"taxonomy":"product_cat","embeddable":true,"href":"https:\/\/q.track.pt\/en\/wp-json\/wp\/v2\/product_cat?post=16256"},{"taxonomy":"product_tag","embeddable":true,"href":"https:\/\/q.track.pt\/en\/wp-json\/wp\/v2\/product_tag?post=16256"}],"curies":[{"name":"wp","href":"https:\/\/api.w.org\/{rel}","templated":true}]}}