{"id":16357,"date":"2021-05-11T17:05:33","date_gmt":"2022-04-22T13:19:19","guid":{"rendered":"http:\/\/localhost\/qtrack\/?post_type=product&#038;p=16357"},"modified":"2025-07-23T09:42:17","modified_gmt":"2025-07-23T09:42:17","slug":"tw-compact-kiosk-android","status":"publish","type":"product","link":"https:\/\/q.track.pt\/en\/produto\/tw-compact-kiosk-android\/","title":{"rendered":"TW-COMPACT KIOSK &#8211; ANDROID"},"content":{"rendered":"<ul>\n<li class=\"grayTick\"><strong><a href=\"https:\/\/www.logicpulse.com\/en\/multimedia-kiosks\" target=\"_blank\" rel=\"noopener\">TW-Compact Kiosk &#8211; Android \/ Learn more about our multimedia kiosks multim\u00e9dia<\/a><\/strong><\/li>\n<li class=\"grayTick\"><strong>Power:<\/strong> 230V<\/li>\n<li class=\"grayTick\"><strong>Display:<\/strong>&nbsp;Digital Multi touch LCD 10.1\u201d, 1280\u00d7800 PX<\/li>\n<li class=\"grayTick\"><strong>Touch Sensor:<\/strong> Capacitive<\/li>\n<li class=\"grayTick\"><strong>Communication:<\/strong> TCP\/IP Cable (receive via Router), Wireless, Micro USB, Bluetooth<\/li>\n<li class=\"grayTick\"><strong>Voice Ticke:<\/strong> Yes (Option)<\/li>\n<li class=\"grayTick\"><strong>Operating System:<\/strong> Android 10<\/li>\n<li class=\"grayTick\"><strong>Printer:<\/strong> 57mm thermal, with auto cut<\/li>\n<li class=\"grayTick\"><strong>Material:<\/strong> Sheet Steel Kiosk, Base ST37-2 4mm; ST12 turret 1.5mm; Cover ST12 2mm<\/li>\n<li class=\"grayTick\"><strong>CPU:<\/strong> Quad Core<\/li>\n<li class=\"grayTick\"><strong>Sound:<\/strong> Yes<\/li>\n<li class=\"grayTick\"><strong>RAM memory:<\/strong> 2 GB<\/li>\n<li class=\"grayTick\"><strong>Disk:<\/strong> 32 GB<\/li>\n<li class=\"grayTick\"><strong>Application Environment:<\/strong> Indoors<\/li>\n<li class=\"grayTick\"><strong>Operating Temperature:<\/strong> -10 \u00b0C to 75 \u00b0C<\/li>\n<li class=\"grayTick\"><strong>Protection Index:<\/strong> IP50<\/li>\n<li class=\"grayTick\"><strong>Color:<\/strong> Black, White, Other(Option)<\/li>\n<li class=\"grayTick\"><strong>Weight:<\/strong> 25 KG<\/li>\n<li class=\"grayTick\"><strong>Dimensions:<\/strong> 367(L)x430(W)x1385(H)mm<\/li>\n<li class=\"grayTick\"><strong>Base Dimensions:<\/strong> 67(L)x400(W)x40(H) mm<\/li>\n<li class=\"grayTick\"><strong>Optional:<\/strong> Customized Color for any RAL, customization with the Customer&#8217;s brand (logo, images, LED lighting, etc.), tickets by voice<\/li>\n<\/ul>\n<div class=\"related products\"><\/div>\n<h5>Leader in the Manufacturing of Multimedia Kiosks and Ticket Dispensers<\/h5>\n<p>Logicpulse is a top-tier manufacturer dedicated to the development of ticket dispensers and multimedia kiosks, always using high-quality materials such as aluminum sheet, steel sheet, and stainless steel 304 or 316. These materials ensure robustness and durability in every piece of equipment. Furthermore, all products are finished with epoxy paint, providing additional protection against wear and corrosion, making them ideal for various environments. To reinforce trust in our equipment, the devices incorporated in each kiosk are duly certified and rigorously tested, thus ensuring compliance with the highest standards of quality and reliability. This attention to detail translates into equipment that offers a long service life and maximum efficiency, fully tailored to meet customer needs.<\/p>\n<p><strong><a href=\"https:\/\/q.track.pt\/multimedia-kiosk\/?lang=en\">SEE ALL KIOSKS<\/a><\/strong><\/p>\n","protected":false},"excerpt":{"rendered":"<h6>Ticket dispenser with ultra compact touch screen, available in several colors, it is a low cost solution for queue management and personalized customer service.<\/h6>\n<p>The QMTW1 is a ticket dispenser for queue management, it has a touch screen and is available in several colors; has high stability throughout its steel structure. This low cost kiosk can be used in any business area and allows you to manage personalized customer service. Devices are securely installed and easily accessible for maintenance tasks.<br \/>\n<\/br><br \/>\n<span class=\"desc_catalog\">DATASHEET:<\/span><a class=\"img_download\" target=\"blank_\" href=\"https:\/\/box.track.pt\/files\/Q.track\/MARKETING\/EN\/DATASHEETS\/QMTW1_EN.pdf\" rel=\"noopener\"><img decoding=\"async\" border=\"0\" alt=\"TW-COMPACT KIOSK [QMTW1]\" src=\"https:\/\/q.track.pt\/wp-content\/uploads\/2021\/05\/file-pdf.svg\" ><\/a><\/p>\n","protected":false},"featured_media":15257,"template":"","meta":[],"product_brand":[],"product_cat":[140],"product_tag":[],"class_list":{"0":"post-16357","1":"product","2":"type-product","3":"status-publish","4":"has-post-thumbnail","6":"product_cat-multimedia-kiosks-en","8":"first","9":"instock","10":"shipping-taxable","11":"product-type-simple"},"yoast_head":"<!-- This site is optimized with the Yoast SEO plugin v26.9 - https:\/\/yoast.com\/product\/yoast-seo-wordpress\/ -->\n<title>TW-COMPACT KIOSK - ANDROID - Q.track - Gest\u00e3o de Filas de Espera | TV Corporativa<\/title>\n<meta name=\"description\" content=\"TW-Compact Kiosk - Android:Ticket dispenser with ultra compact touch screen, available in several colors, it is a low cost solution for queue management...\" \/>\n<meta name=\"robots\" content=\"index, follow, max-snippet:-1, max-image-preview:large, max-video-preview:-1\" \/>\n<link rel=\"canonical\" href=\"https:\/\/q.track.pt\/en\/produto\/tw-compact-kiosk-android\/\" \/>\n<meta property=\"og:locale\" content=\"en_US\" \/>\n<meta property=\"og:type\" content=\"article\" \/>\n<meta property=\"og:title\" content=\"TW-COMPACT KIOSK - ANDROID - Q.track - Gest\u00e3o de Filas de Espera | TV Corporativa\" \/>\n<meta property=\"og:description\" content=\"TW-Compact Kiosk - Android:Ticket dispenser with ultra compact touch screen, available in several colors, it is a low cost solution for queue management...\" \/>\n<meta property=\"og:url\" content=\"https:\/\/q.track.pt\/en\/produto\/tw-compact-kiosk-android\/\" \/>\n<meta property=\"og:site_name\" content=\"Q.track - Gest\u00e3o de Filas de Espera | TV Corporativa\" \/>\n<meta property=\"article:modified_time\" content=\"2025-07-23T09:42:17+00:00\" \/>\n<meta property=\"og:image\" content=\"https:\/\/q.track.pt\/wp-content\/uploads\/2013\/10\/Quiosque-QMTW1-branco-e-preto.png\" \/>\n\t<meta property=\"og:image:width\" content=\"638\" \/>\n\t<meta property=\"og:image:height\" content=\"638\" \/>\n\t<meta property=\"og:image:type\" content=\"image\/png\" \/>\n<meta name=\"twitter:card\" content=\"summary_large_image\" \/>\n<meta name=\"twitter:label1\" content=\"Est. reading time\" \/>\n\t<meta name=\"twitter:data1\" content=\"2 minutes\" \/>\n<script type=\"application\/ld+json\" class=\"yoast-schema-graph\">{\"@context\":\"https:\/\/schema.org\",\"@graph\":[{\"@type\":\"WebPage\",\"@id\":\"https:\/\/q.track.pt\/en\/produto\/tw-compact-kiosk-android\/\",\"url\":\"https:\/\/q.track.pt\/en\/produto\/tw-compact-kiosk-android\/\",\"name\":\"TW-COMPACT KIOSK - ANDROID - Q.track - Gest\u00e3o de Filas de Espera | TV Corporativa\",\"isPartOf\":{\"@id\":\"https:\/\/q.track.pt\/en\/#website\"},\"primaryImageOfPage\":{\"@id\":\"https:\/\/q.track.pt\/en\/produto\/tw-compact-kiosk-android\/#primaryimage\"},\"image\":{\"@id\":\"https:\/\/q.track.pt\/en\/produto\/tw-compact-kiosk-android\/#primaryimage\"},\"thumbnailUrl\":\"https:\/\/q.track.pt\/wp-content\/uploads\/2013\/10\/Quiosque-QMTW1-branco-e-preto.png\",\"datePublished\":\"2022-04-22T13:19:19+00:00\",\"dateModified\":\"2025-07-23T09:42:17+00:00\",\"description\":\"TW-Compact Kiosk - Android:Ticket dispenser with ultra compact touch screen, available in several colors, it is a low cost solution for queue management...\",\"breadcrumb\":{\"@id\":\"https:\/\/q.track.pt\/en\/produto\/tw-compact-kiosk-android\/#breadcrumb\"},\"inLanguage\":\"en-US\",\"potentialAction\":[{\"@type\":\"ReadAction\",\"target\":[\"https:\/\/q.track.pt\/en\/produto\/tw-compact-kiosk-android\/\"]}]},{\"@type\":\"ImageObject\",\"inLanguage\":\"en-US\",\"@id\":\"https:\/\/q.track.pt\/en\/produto\/tw-compact-kiosk-android\/#primaryimage\",\"url\":\"https:\/\/q.track.pt\/wp-content\/uploads\/2013\/10\/Quiosque-QMTW1-branco-e-preto.png\",\"contentUrl\":\"https:\/\/q.track.pt\/wp-content\/uploads\/2013\/10\/Quiosque-QMTW1-branco-e-preto.png\",\"width\":638,\"height\":638,\"caption\":\"Dispensador de Senhas, Quiosque multim\u00e9dia, Quiosque TW-Compact Kiosk Filas de Espera, Quiosque Compacto TW [QMTW1]\"},{\"@type\":\"BreadcrumbList\",\"@id\":\"https:\/\/q.track.pt\/en\/produto\/tw-compact-kiosk-android\/#breadcrumb\",\"itemListElement\":[{\"@type\":\"ListItem\",\"position\":1,\"name\":\"In\u00edcio\",\"item\":\"https:\/\/q.track.pt\/en\/?lang=en\"},{\"@type\":\"ListItem\",\"position\":2,\"name\":\"Multimedia Kiosk\",\"item\":\"https:\/\/q.track.pt\/multimedia-kiosk\/?lang=en\"},{\"@type\":\"ListItem\",\"position\":3,\"name\":\"MULTIMEDIA KIOSKS\",\"item\":\"https:\/\/q.track.pt\/en\/categoria-produto\/multimedia-kiosks-en\/\"},{\"@type\":\"ListItem\",\"position\":4,\"name\":\"TW-COMPACT KIOSK &#8211; ANDROID\"}]},{\"@type\":\"WebSite\",\"@id\":\"https:\/\/q.track.pt\/en\/#website\",\"url\":\"https:\/\/q.track.pt\/en\/\",\"name\":\"Q.track - Gest\u00e3o de Filas de Espera | TV Corporativa\",\"description\":\"Gest\u00e3o de Filas de Espera | Solu\u00e7\u00e3o de Atendimento | TV Corporativa | Sistema de Avalia\u00e7\u00e3o\",\"potentialAction\":[{\"@type\":\"SearchAction\",\"target\":{\"@type\":\"EntryPoint\",\"urlTemplate\":\"https:\/\/q.track.pt\/en\/?s={search_term_string}\"},\"query-input\":{\"@type\":\"PropertyValueSpecification\",\"valueRequired\":true,\"valueName\":\"search_term_string\"}}],\"inLanguage\":\"en-US\"}]}<\/script>\n<!-- \/ Yoast SEO plugin. -->","yoast_head_json":{"title":"TW-COMPACT KIOSK - ANDROID - Q.track - Gest\u00e3o de Filas de Espera | TV Corporativa","description":"TW-Compact Kiosk - Android:Ticket dispenser with ultra compact touch screen, available in several colors, it is a low cost solution for queue management...","robots":{"index":"index","follow":"follow","max-snippet":"max-snippet:-1","max-image-preview":"max-image-preview:large","max-video-preview":"max-video-preview:-1"},"canonical":"https:\/\/q.track.pt\/en\/produto\/tw-compact-kiosk-android\/","og_locale":"en_US","og_type":"article","og_title":"TW-COMPACT KIOSK - ANDROID - Q.track - Gest\u00e3o de Filas de Espera | TV Corporativa","og_description":"TW-Compact Kiosk - Android:Ticket dispenser with ultra compact touch screen, available in several colors, it is a low cost solution for queue management...","og_url":"https:\/\/q.track.pt\/en\/produto\/tw-compact-kiosk-android\/","og_site_name":"Q.track - Gest\u00e3o de Filas de Espera | TV Corporativa","article_modified_time":"2025-07-23T09:42:17+00:00","og_image":[{"width":638,"height":638,"url":"https:\/\/q.track.pt\/wp-content\/uploads\/2013\/10\/Quiosque-QMTW1-branco-e-preto.png","type":"image\/png"}],"twitter_card":"summary_large_image","twitter_misc":{"Est. reading time":"2 minutes"},"schema":{"@context":"https:\/\/schema.org","@graph":[{"@type":"WebPage","@id":"https:\/\/q.track.pt\/en\/produto\/tw-compact-kiosk-android\/","url":"https:\/\/q.track.pt\/en\/produto\/tw-compact-kiosk-android\/","name":"TW-COMPACT KIOSK - ANDROID - Q.track - Gest\u00e3o de Filas de Espera | TV Corporativa","isPartOf":{"@id":"https:\/\/q.track.pt\/en\/#website"},"primaryImageOfPage":{"@id":"https:\/\/q.track.pt\/en\/produto\/tw-compact-kiosk-android\/#primaryimage"},"image":{"@id":"https:\/\/q.track.pt\/en\/produto\/tw-compact-kiosk-android\/#primaryimage"},"thumbnailUrl":"https:\/\/q.track.pt\/wp-content\/uploads\/2013\/10\/Quiosque-QMTW1-branco-e-preto.png","datePublished":"2022-04-22T13:19:19+00:00","dateModified":"2025-07-23T09:42:17+00:00","description":"TW-Compact Kiosk - Android:Ticket dispenser with ultra compact touch screen, available in several colors, it is a low cost solution for queue management...","breadcrumb":{"@id":"https:\/\/q.track.pt\/en\/produto\/tw-compact-kiosk-android\/#breadcrumb"},"inLanguage":"en-US","potentialAction":[{"@type":"ReadAction","target":["https:\/\/q.track.pt\/en\/produto\/tw-compact-kiosk-android\/"]}]},{"@type":"ImageObject","inLanguage":"en-US","@id":"https:\/\/q.track.pt\/en\/produto\/tw-compact-kiosk-android\/#primaryimage","url":"https:\/\/q.track.pt\/wp-content\/uploads\/2013\/10\/Quiosque-QMTW1-branco-e-preto.png","contentUrl":"https:\/\/q.track.pt\/wp-content\/uploads\/2013\/10\/Quiosque-QMTW1-branco-e-preto.png","width":638,"height":638,"caption":"Dispensador de Senhas, Quiosque multim\u00e9dia, Quiosque TW-Compact Kiosk Filas de Espera, Quiosque Compacto TW [QMTW1]"},{"@type":"BreadcrumbList","@id":"https:\/\/q.track.pt\/en\/produto\/tw-compact-kiosk-android\/#breadcrumb","itemListElement":[{"@type":"ListItem","position":1,"name":"In\u00edcio","item":"https:\/\/q.track.pt\/en\/?lang=en"},{"@type":"ListItem","position":2,"name":"Multimedia Kiosk","item":"https:\/\/q.track.pt\/multimedia-kiosk\/?lang=en"},{"@type":"ListItem","position":3,"name":"MULTIMEDIA KIOSKS","item":"https:\/\/q.track.pt\/en\/categoria-produto\/multimedia-kiosks-en\/"},{"@type":"ListItem","position":4,"name":"TW-COMPACT KIOSK &#8211; ANDROID"}]},{"@type":"WebSite","@id":"https:\/\/q.track.pt\/en\/#website","url":"https:\/\/q.track.pt\/en\/","name":"Q.track - Gest\u00e3o de Filas de Espera | TV Corporativa","description":"Gest\u00e3o de Filas de Espera | Solu\u00e7\u00e3o de Atendimento | TV Corporativa | Sistema de Avalia\u00e7\u00e3o","potentialAction":[{"@type":"SearchAction","target":{"@type":"EntryPoint","urlTemplate":"https:\/\/q.track.pt\/en\/?s={search_term_string}"},"query-input":{"@type":"PropertyValueSpecification","valueRequired":true,"valueName":"search_term_string"}}],"inLanguage":"en-US"}]}},"_links":{"self":[{"href":"https:\/\/q.track.pt\/en\/wp-json\/wp\/v2\/product\/16357","targetHints":{"allow":["GET"]}}],"collection":[{"href":"https:\/\/q.track.pt\/en\/wp-json\/wp\/v2\/product"}],"about":[{"href":"https:\/\/q.track.pt\/en\/wp-json\/wp\/v2\/types\/product"}],"wp:featuredmedia":[{"embeddable":true,"href":"https:\/\/q.track.pt\/en\/wp-json\/wp\/v2\/media\/15257"}],"wp:attachment":[{"href":"https:\/\/q.track.pt\/en\/wp-json\/wp\/v2\/media?parent=16357"}],"wp:term":[{"taxonomy":"product_brand","embeddable":true,"href":"https:\/\/q.track.pt\/en\/wp-json\/wp\/v2\/product_brand?post=16357"},{"taxonomy":"product_cat","embeddable":true,"href":"https:\/\/q.track.pt\/en\/wp-json\/wp\/v2\/product_cat?post=16357"},{"taxonomy":"product_tag","embeddable":true,"href":"https:\/\/q.track.pt\/en\/wp-json\/wp\/v2\/product_tag?post=16357"}],"curies":[{"name":"wp","href":"https:\/\/api.w.org\/{rel}","templated":true}]}}