{"id":16359,"date":"2021-05-26T16:12:50","date_gmt":"2022-04-22T13:48:18","guid":{"rendered":"http:\/\/localhost\/qtrack\/?post_type=product&#038;p=16359"},"modified":"2025-07-23T09:39:07","modified_gmt":"2025-07-23T09:39:07","slug":"tz-kiosk-windows","status":"publish","type":"product","link":"https:\/\/q.track.pt\/en\/produto\/tz-kiosk-windows\/","title":{"rendered":"TZ-KIOSK &#8211; WINDOWS"},"content":{"rendered":"<ul>\n<li class=\"grayTick\"><strong><a href=\"https:\/\/www.logicpulse.com\/en\/multimedia-kiosks\" target=\"_blank\" rel=\"noopener\">TZ-Kiosk &#8211; Windows \/ Learn more about our multimedia kiosks multim\u00e9dia<\/a><\/strong><\/li>\n<li class=\"grayTick\"><strong>Power:<\/strong> 230V 50Hz (internal socket 3 connections)<\/li>\n<li class=\"grayTick\"><strong>Display:<\/strong> TouchScreen Matrix 17\u201d TFT LD, 1280&#215;1024 PX<\/li>\n<li class=\"grayTick\"><strong>Communication:<\/strong> Wi-Fi de 2.4 G \/ 5 G 802.11 a \/ b \/ g \/ n + Bluetooth 4.2 + 1xRJ45 Gigabit LAN<\/li>\n<li class=\"grayTick\"><strong>CPU:<\/strong> Celeron, Intel Alder Lake-N95, 2.3 GHz<\/li>\n<li class=\"grayTick\"><strong>I\/O Ports:<\/strong> HDMI*2, USB 3.0*2, USB 2.0*2<\/li>\n<li class=\"grayTick\"><strong>Ventilation:<\/strong> Yes, silent<\/li>\n<li class=\"grayTick\"><strong>Lock:<\/strong> Security Lock<\/li>\n<li class=\"grayTick\"><strong>Image:<\/strong> Customization with customer branding (optional)<\/li>\n<li class=\"grayTick\"><strong>CC Reader:<\/strong> Yes \u2013 Citizen Card reader (optional)<\/li>\n<li class=\"grayTick\"><strong>Material:<\/strong> Steel, Base ST37-2 4mm; ST12 turret 1.5mm; Cover ST12 2mm, epoxy paint.<\/li>\n<li class=\"grayTick\"><strong>Printer:<\/strong> 57mm thermal printer with auto-cutter<\/li>\n<li class=\"grayTick\"><strong>CB\/QR Code Reader:<\/strong> Yes (optional)<\/li>\n<li class=\"grayTick\"><strong>Operating System:<\/strong> Windows 11 PRO<\/li>\n<li class=\"grayTick\"><strong>Sound:<\/strong> Yes (optional)<\/li>\n<li class=\"grayTick\"><strong>RAM Memory:<\/strong> 8GB, DDR4<\/li>\n<li class=\"grayTick\"><strong>Disk:<\/strong> SSD 256GB<\/li>\n<li class=\"grayTick\"><strong>App. Environment:<\/strong> Indoors<\/li>\n<li class=\"grayTick\"><strong>Op. Temperature:<\/strong> -10 \u00b0C to 75 \u00b0C<\/li>\n<li class=\"grayTick\"><strong>Protection Index:<\/strong> IP50<\/li>\n<li class=\"grayTick\"><strong>Color:<\/strong> Black, White, Other (Option)<\/li>\n<li class=\"grayTick\"><strong>Weight:<\/strong> 42 KG<\/li>\n<li class=\"grayTick\"><strong>Dimensions:<\/strong> 490(W)x430(D)x1399.77(H) mm<\/li>\n<li class=\"grayTick\"><strong>Base Dimensions:<\/strong> 490(W)x441.48(D)x40(H) mm<\/li>\n<li class=\"grayTick\"><strong>Optional:<\/strong> Custom Color for any RAL; CC reader; CB\/QR code reader; RFID reader EM or MF; Personalized decoration with the Customer&#8217;s brand (logo, images, LED lighting, etc.); Screens with other sizes (15\u201d, 19\u201d, etc.)<\/li>\n<\/ul>\n<div class=\"related products\"><\/div>\n<h5>Leader in the Manufacturing of Multimedia Kiosks and Ticket Dispensers<\/h5>\n<p>Logicpulse is a top-tier manufacturer dedicated to the development of ticket dispensers and multimedia kiosks, always using high-quality materials such as aluminum sheet, steel sheet, and stainless steel 304 or 316. These materials ensure robustness and durability in every piece of equipment. Furthermore, all products are finished with epoxy paint, providing additional protection against wear and corrosion, making them ideal for various environments. To reinforce trust in our equipment, the devices incorporated in each kiosk are duly certified and rigorously tested, thus ensuring compliance with the highest standards of quality and reliability. This attention to detail translates into equipment that offers a long service life and maximum efficiency, fully tailored to meet customer needs.<\/p>\n<p><strong><a href=\"https:\/\/q.track.pt\/multimedia-kiosk\/?lang=en\">SEE ALL KIOSKS<\/a><\/strong><\/p>\n","protected":false},"excerpt":{"rendered":"<h6>Ticket dispenser \/ multimedia kiosk with 17\u201d touch screen, available in different formats, built in steel and customized.<\/h6>\n<p>Ticket dispenser with 17\u201d high resolution and anti-vandalism touch screen for indoor use, made of composite aluminum sheet (available in several colors), with a 4 mm sheet, which guarantees the stability of the whole set.<br \/>\nThe places where the computer and the monitor are installed are protected with a security lock and the peripherals are easily accessible to facilitate maintenance and consumable replacement.<br \/>\n<\/br><br \/>\n<span class=\"desc_catalog\">DATASHEET:<\/span><a class=\"img_download\" target=\"blank_\" href=\"https:\/\/box.track.pt\/files\/Q.track\/MARKETING\/EN\/DATASHEETS\/QMTZ1_EN.pdf\" rel=\"noopener\"><img decoding=\"async\" border=\"0\" alt=\"TZ-KIOSK [QMTZ1]\" src=\"https:\/\/q.track.pt\/wp-content\/uploads\/2021\/05\/file-pdf.svg\" ><\/a><\/p>\n","protected":false},"featured_media":15477,"template":"","meta":[],"product_brand":[],"product_cat":[140],"product_tag":[],"class_list":{"0":"post-16359","1":"product","2":"type-product","3":"status-publish","4":"has-post-thumbnail","6":"product_cat-multimedia-kiosks-en","8":"first","9":"instock","10":"shipping-taxable","11":"product-type-simple"},"yoast_head":"<!-- This site is optimized with the Yoast SEO plugin v26.9 - https:\/\/yoast.com\/product\/yoast-seo-wordpress\/ -->\n<title>TZ-KIOSK - WINDOWS - Q.track - Gest\u00e3o de Filas de Espera | TV Corporativa<\/title>\n<meta name=\"description\" content=\"Ticket dispenser \/ multimedia kiosk with 17\u201d touch screen, available in different formats, built in steel and customized...\" \/>\n<meta name=\"robots\" content=\"index, follow, max-snippet:-1, max-image-preview:large, max-video-preview:-1\" \/>\n<link rel=\"canonical\" href=\"https:\/\/q.track.pt\/en\/produto\/tz-kiosk-windows\/\" \/>\n<meta property=\"og:locale\" content=\"en_US\" \/>\n<meta property=\"og:type\" content=\"article\" \/>\n<meta property=\"og:title\" content=\"TZ-KIOSK - WINDOWS - Q.track - Gest\u00e3o de Filas de Espera | TV Corporativa\" \/>\n<meta property=\"og:description\" content=\"Ticket dispenser \/ multimedia kiosk with 17\u201d touch screen, available in different formats, built in steel and customized...\" \/>\n<meta property=\"og:url\" content=\"https:\/\/q.track.pt\/en\/produto\/tz-kiosk-windows\/\" \/>\n<meta property=\"og:site_name\" content=\"Q.track - Gest\u00e3o de Filas de Espera | TV Corporativa\" \/>\n<meta property=\"article:modified_time\" content=\"2025-07-23T09:39:07+00:00\" \/>\n<meta property=\"og:image\" content=\"https:\/\/q.track.pt\/wp-content\/uploads\/2021\/05\/Quiosque_QMTZ1-branco.png\" \/>\n\t<meta property=\"og:image:width\" content=\"638\" \/>\n\t<meta property=\"og:image:height\" content=\"638\" \/>\n\t<meta property=\"og:image:type\" content=\"image\/png\" \/>\n<meta name=\"twitter:card\" content=\"summary_large_image\" \/>\n<meta name=\"twitter:label1\" content=\"Est. reading time\" \/>\n\t<meta name=\"twitter:data1\" content=\"2 minutes\" \/>\n<script type=\"application\/ld+json\" class=\"yoast-schema-graph\">{\"@context\":\"https:\/\/schema.org\",\"@graph\":[{\"@type\":\"WebPage\",\"@id\":\"https:\/\/q.track.pt\/en\/produto\/tz-kiosk-windows\/\",\"url\":\"https:\/\/q.track.pt\/en\/produto\/tz-kiosk-windows\/\",\"name\":\"TZ-KIOSK - WINDOWS - Q.track - Gest\u00e3o de Filas de Espera | TV Corporativa\",\"isPartOf\":{\"@id\":\"https:\/\/q.track.pt\/en\/#website\"},\"primaryImageOfPage\":{\"@id\":\"https:\/\/q.track.pt\/en\/produto\/tz-kiosk-windows\/#primaryimage\"},\"image\":{\"@id\":\"https:\/\/q.track.pt\/en\/produto\/tz-kiosk-windows\/#primaryimage\"},\"thumbnailUrl\":\"https:\/\/q.track.pt\/wp-content\/uploads\/2021\/05\/Quiosque_QMTZ1-branco.png\",\"datePublished\":\"2022-04-22T13:48:18+00:00\",\"dateModified\":\"2025-07-23T09:39:07+00:00\",\"description\":\"Ticket dispenser \/ multimedia kiosk with 17\u201d touch screen, available in different formats, built in steel and customized...\",\"breadcrumb\":{\"@id\":\"https:\/\/q.track.pt\/en\/produto\/tz-kiosk-windows\/#breadcrumb\"},\"inLanguage\":\"en-US\",\"potentialAction\":[{\"@type\":\"ReadAction\",\"target\":[\"https:\/\/q.track.pt\/en\/produto\/tz-kiosk-windows\/\"]}]},{\"@type\":\"ImageObject\",\"inLanguage\":\"en-US\",\"@id\":\"https:\/\/q.track.pt\/en\/produto\/tz-kiosk-windows\/#primaryimage\",\"url\":\"https:\/\/q.track.pt\/wp-content\/uploads\/2021\/05\/Quiosque_QMTZ1-branco.png\",\"contentUrl\":\"https:\/\/q.track.pt\/wp-content\/uploads\/2021\/05\/Quiosque_QMTZ1-branco.png\",\"width\":638,\"height\":638,\"caption\":\"Dispensador de Senhas, Quiosque multim\u00e9dia, Quiosque Filas de Espera, Quiosque [QMTZ1] - Branco\"},{\"@type\":\"BreadcrumbList\",\"@id\":\"https:\/\/q.track.pt\/en\/produto\/tz-kiosk-windows\/#breadcrumb\",\"itemListElement\":[{\"@type\":\"ListItem\",\"position\":1,\"name\":\"In\u00edcio\",\"item\":\"https:\/\/q.track.pt\/en\/?lang=en\"},{\"@type\":\"ListItem\",\"position\":2,\"name\":\"Multimedia Kiosk\",\"item\":\"https:\/\/q.track.pt\/multimedia-kiosk\/?lang=en\"},{\"@type\":\"ListItem\",\"position\":3,\"name\":\"MULTIMEDIA KIOSKS\",\"item\":\"https:\/\/q.track.pt\/en\/categoria-produto\/multimedia-kiosks-en\/\"},{\"@type\":\"ListItem\",\"position\":4,\"name\":\"TZ-KIOSK &#8211; WINDOWS\"}]},{\"@type\":\"WebSite\",\"@id\":\"https:\/\/q.track.pt\/en\/#website\",\"url\":\"https:\/\/q.track.pt\/en\/\",\"name\":\"Q.track - Gest\u00e3o de Filas de Espera | TV Corporativa\",\"description\":\"Gest\u00e3o de Filas de Espera | Solu\u00e7\u00e3o de Atendimento | TV Corporativa | Sistema de Avalia\u00e7\u00e3o\",\"potentialAction\":[{\"@type\":\"SearchAction\",\"target\":{\"@type\":\"EntryPoint\",\"urlTemplate\":\"https:\/\/q.track.pt\/en\/?s={search_term_string}\"},\"query-input\":{\"@type\":\"PropertyValueSpecification\",\"valueRequired\":true,\"valueName\":\"search_term_string\"}}],\"inLanguage\":\"en-US\"}]}<\/script>\n<!-- \/ Yoast SEO plugin. -->","yoast_head_json":{"title":"TZ-KIOSK - WINDOWS - Q.track - Gest\u00e3o de Filas de Espera | TV Corporativa","description":"Ticket dispenser \/ multimedia kiosk with 17\u201d touch screen, available in different formats, built in steel and customized...","robots":{"index":"index","follow":"follow","max-snippet":"max-snippet:-1","max-image-preview":"max-image-preview:large","max-video-preview":"max-video-preview:-1"},"canonical":"https:\/\/q.track.pt\/en\/produto\/tz-kiosk-windows\/","og_locale":"en_US","og_type":"article","og_title":"TZ-KIOSK - WINDOWS - Q.track - Gest\u00e3o de Filas de Espera | TV Corporativa","og_description":"Ticket dispenser \/ multimedia kiosk with 17\u201d touch screen, available in different formats, built in steel and customized...","og_url":"https:\/\/q.track.pt\/en\/produto\/tz-kiosk-windows\/","og_site_name":"Q.track - Gest\u00e3o de Filas de Espera | TV Corporativa","article_modified_time":"2025-07-23T09:39:07+00:00","og_image":[{"width":638,"height":638,"url":"https:\/\/q.track.pt\/wp-content\/uploads\/2021\/05\/Quiosque_QMTZ1-branco.png","type":"image\/png"}],"twitter_card":"summary_large_image","twitter_misc":{"Est. reading time":"2 minutes"},"schema":{"@context":"https:\/\/schema.org","@graph":[{"@type":"WebPage","@id":"https:\/\/q.track.pt\/en\/produto\/tz-kiosk-windows\/","url":"https:\/\/q.track.pt\/en\/produto\/tz-kiosk-windows\/","name":"TZ-KIOSK - WINDOWS - Q.track - Gest\u00e3o de Filas de Espera | TV Corporativa","isPartOf":{"@id":"https:\/\/q.track.pt\/en\/#website"},"primaryImageOfPage":{"@id":"https:\/\/q.track.pt\/en\/produto\/tz-kiosk-windows\/#primaryimage"},"image":{"@id":"https:\/\/q.track.pt\/en\/produto\/tz-kiosk-windows\/#primaryimage"},"thumbnailUrl":"https:\/\/q.track.pt\/wp-content\/uploads\/2021\/05\/Quiosque_QMTZ1-branco.png","datePublished":"2022-04-22T13:48:18+00:00","dateModified":"2025-07-23T09:39:07+00:00","description":"Ticket dispenser \/ multimedia kiosk with 17\u201d touch screen, available in different formats, built in steel and customized...","breadcrumb":{"@id":"https:\/\/q.track.pt\/en\/produto\/tz-kiosk-windows\/#breadcrumb"},"inLanguage":"en-US","potentialAction":[{"@type":"ReadAction","target":["https:\/\/q.track.pt\/en\/produto\/tz-kiosk-windows\/"]}]},{"@type":"ImageObject","inLanguage":"en-US","@id":"https:\/\/q.track.pt\/en\/produto\/tz-kiosk-windows\/#primaryimage","url":"https:\/\/q.track.pt\/wp-content\/uploads\/2021\/05\/Quiosque_QMTZ1-branco.png","contentUrl":"https:\/\/q.track.pt\/wp-content\/uploads\/2021\/05\/Quiosque_QMTZ1-branco.png","width":638,"height":638,"caption":"Dispensador de Senhas, Quiosque multim\u00e9dia, Quiosque Filas de Espera, Quiosque [QMTZ1] - Branco"},{"@type":"BreadcrumbList","@id":"https:\/\/q.track.pt\/en\/produto\/tz-kiosk-windows\/#breadcrumb","itemListElement":[{"@type":"ListItem","position":1,"name":"In\u00edcio","item":"https:\/\/q.track.pt\/en\/?lang=en"},{"@type":"ListItem","position":2,"name":"Multimedia Kiosk","item":"https:\/\/q.track.pt\/multimedia-kiosk\/?lang=en"},{"@type":"ListItem","position":3,"name":"MULTIMEDIA KIOSKS","item":"https:\/\/q.track.pt\/en\/categoria-produto\/multimedia-kiosks-en\/"},{"@type":"ListItem","position":4,"name":"TZ-KIOSK &#8211; WINDOWS"}]},{"@type":"WebSite","@id":"https:\/\/q.track.pt\/en\/#website","url":"https:\/\/q.track.pt\/en\/","name":"Q.track - Gest\u00e3o de Filas de Espera | TV Corporativa","description":"Gest\u00e3o de Filas de Espera | Solu\u00e7\u00e3o de Atendimento | TV Corporativa | Sistema de Avalia\u00e7\u00e3o","potentialAction":[{"@type":"SearchAction","target":{"@type":"EntryPoint","urlTemplate":"https:\/\/q.track.pt\/en\/?s={search_term_string}"},"query-input":{"@type":"PropertyValueSpecification","valueRequired":true,"valueName":"search_term_string"}}],"inLanguage":"en-US"}]}},"_links":{"self":[{"href":"https:\/\/q.track.pt\/en\/wp-json\/wp\/v2\/product\/16359","targetHints":{"allow":["GET"]}}],"collection":[{"href":"https:\/\/q.track.pt\/en\/wp-json\/wp\/v2\/product"}],"about":[{"href":"https:\/\/q.track.pt\/en\/wp-json\/wp\/v2\/types\/product"}],"wp:featuredmedia":[{"embeddable":true,"href":"https:\/\/q.track.pt\/en\/wp-json\/wp\/v2\/media\/15477"}],"wp:attachment":[{"href":"https:\/\/q.track.pt\/en\/wp-json\/wp\/v2\/media?parent=16359"}],"wp:term":[{"taxonomy":"product_brand","embeddable":true,"href":"https:\/\/q.track.pt\/en\/wp-json\/wp\/v2\/product_brand?post=16359"},{"taxonomy":"product_cat","embeddable":true,"href":"https:\/\/q.track.pt\/en\/wp-json\/wp\/v2\/product_cat?post=16359"},{"taxonomy":"product_tag","embeddable":true,"href":"https:\/\/q.track.pt\/en\/wp-json\/wp\/v2\/product_tag?post=16359"}],"curies":[{"name":"wp","href":"https:\/\/api.w.org\/{rel}","templated":true}]}}