{"id":16503,"date":"2024-12-19T11:58:34","date_gmt":"2024-12-20T14:13:16","guid":{"rendered":"https:\/\/q.track.pt\/?post_type=product&#038;p=16503"},"modified":"2025-07-23T09:37:19","modified_gmt":"2025-07-23T09:37:19","slug":"tp-kiosk-pay-windows","status":"publish","type":"product","link":"https:\/\/q.track.pt\/en\/produto\/tp-kiosk-pay-windows\/","title":{"rendered":"TP-Kiosk Pay &#8211; Windows"},"content":{"rendered":"<ul>\n<li class=\"grayTick\"><strong><a href=\"https:\/\/www.logicpulse.com\/en\/multimedia-kiosks\" target=\"_blank\" rel=\"noopener\">TP-Kiosk Pay &#8211; Windows \/ Learn more about our multimedia kiosks multim\u00e9dia<\/a><\/strong><\/li>\n<li class=\"grayTick\"><strong>Power Supply:<\/strong> 230V 50Hz<\/li>\n<li class=\"grayTick\"><strong>Screen:<\/strong> TouchScreen 27 &#8220;, 1920&#215;1080 PX, 1000Nits<\/li>\n<li class=\"grayTick\"><strong>Communication:<\/strong> Wifi 5 &#8211; 802.11AC + a\/b\/g\/n, 1x1MIMO + 5.0 BLE + RealTek Gigabit LAN 10\/100\/1000 Mb\/s<\/li>\n<li class=\"grayTick\"><strong>CPU:<\/strong> Intel\u00ae Celeron\u00ae N4120 (4M Cache, up to 2.60 GHz)<\/li>\n<li class=\"grayTick\"><strong>I\/O Ports:<\/strong> 2xUSB 2.0 e 4x USB 3.2 Gen1 \/ 2 x RJ45 \/ 1 x HDMI \/ 1<\/li>\n<li class=\"grayTick\"><strong>Ventilation:<\/strong> Dual, with low noise level<\/li>\n<li class=\"grayTick\"><strong>TPA:<\/strong> Screen, keyboard, magnetic card reader, chip, and contactless<\/li>\n<li class=\"grayTick\"><strong>Image:<\/strong> Customization with client image (optional)<\/li>\n<li class=\"grayTick\"><strong>Citizen Card Reader:<\/strong> Yes &#8211; Citizen Card reader (optional)<\/li>\n<li class=\"grayTick\"><strong>Material :<\/strong> Kiosk made of Steel Sheet, Base ST37-2 4mm; Tower ST12 1.5mm; Cover ST12 2mm, epoxy paint.<\/li>\n<li class=\"grayTick\"><strong>Barcode\/QR Code Reader:<\/strong> Yes (optional)<\/li>\n<li class=\"grayTick\"><strong>Operating System:<\/strong> Windows 11 PRO<\/li>\n<li class=\"grayTick\"><strong>Sound:<\/strong> Yes<\/li>\n<li class=\"grayTick\"><strong>RAM:<\/strong> 4GB DDR4 2666MHz<\/li>\n<li class=\"grayTick\"><strong>Storage:<\/strong> 128GB SSD M.2 2280<\/li>\n<li class=\"grayTick\"><strong>Application Environment:<\/strong> Indoor<\/li>\n<li class=\"grayTick\"><strong>Operating Temperature:<\/strong> -10 \u00b0C a 75 \u00b0C<\/li>\n<li class=\"grayTick\"><strong>Protection Index:<\/strong> IP50<\/li>\n<li class=\"grayTick\"><strong>Color:<\/strong> Black, White, Other (Optional)<\/li>\n<li class=\"grayTick\"><strong>Weight:<\/strong> 98 KG<\/li>\n<li class=\"grayTick\"><strong>Dimensions:<\/strong> 590(W)x500(D)x1846(H)mm<\/li>\n<li class=\"grayTick\"><strong>Base Dimensions:<\/strong> 590(W)x500(D)x40(H) mm<\/li>\n<li class=\"grayTick\"><strong>Options:<\/strong> Custom color for any RAL; Citizen Card reader; Barcode\/QR code reader; RFID EM or Mifare reader; Custom decoration with Client Image (logo, images, LED lighting, etc.) and Other CPU.<\/li>\n<\/ul>\n<div class=\"related products\"><\/div>\n<h5>Leader in the Manufacturing of Multimedia Kiosks and Ticket Dispensers<\/h5>\n<p>Logicpulse is a top-tier manufacturer dedicated to the development of ticket dispensers and multimedia kiosks, always using high-quality materials such as aluminum sheet, steel sheet, and stainless steel 304 or 316. These materials ensure robustness and durability in every piece of equipment. Furthermore, all products are finished with epoxy paint, providing additional protection against wear and corrosion, making them ideal for various environments. To reinforce trust in our equipment, the devices incorporated in each kiosk are duly certified and rigorously tested, thus ensuring compliance with the highest standards of quality and reliability. This attention to detail translates into equipment that offers a long service life and maximum efficiency, fully tailored to meet customer needs.<\/p>\n<p><strong><a href=\"https:\/\/q.track.pt\/multimedia-kiosk\/?lang=en\">SEE ALL KIOSKS<\/a><\/strong><\/p>\n","protected":false},"excerpt":{"rendered":"<h6>Payment Kiosk with a 27&#8243; monitor, Citizen Card reader, card payment system, barcode and QR code scanning, and contactless technology. Robust structure, ideal for optimizing payment processes.<\/h6>\n<p>The TP Payment Kiosk combines innovation and efficiency with a 27\u201d monitor and support for multiple payment methods, including Citizen Card, contactless payment cards, barcode scanning, and QR code reading. Its steel structure with epoxy paint ensures high robustness, while peripherals such as the Citizen Card reader and barcode\/QR code scanner can be optional, depending on the client&#8217;s needs. Ideal for environments such as healthcare services, ticketing systems, parking facilities, dining, and events, this kiosk offers a versatile and secure solution to streamline automated payments and optimize user flow.<br \/>\n<\/br><br \/>\n<span class=\"desc_catalog\">DATASHEET:<\/span><a class=\"img_download\" href=\"https:\/\/box.track.pt\/files\/Q.track\/MARKETING\/EN\/DATASHEETS\/QMTP1_EN.pdf\" target=\"blank_\" rel=\"noopener\"><img decoding=\"async\" src=\"https:\/\/q.track.pt\/wp-content\/uploads\/2021\/05\/file-pdf.svg\" alt=\"TP-Kiosk Pay [QMTP1]\" border=\"0\" \/><\/a><\/p>\n","protected":false},"featured_media":16478,"template":"","meta":[],"product_brand":[],"product_cat":[140],"product_tag":[],"class_list":{"0":"post-16503","1":"product","2":"type-product","3":"status-publish","4":"has-post-thumbnail","6":"product_cat-multimedia-kiosks-en","8":"first","9":"instock","10":"shipping-taxable","11":"product-type-simple"},"yoast_head":"<!-- This site is optimized with the Yoast SEO plugin v26.9 - https:\/\/yoast.com\/product\/yoast-seo-wordpress\/ -->\n<title>TP-Kiosk Pay - Windows - Q.track - Gest\u00e3o de Filas de Espera | TV Corporativa<\/title>\n<meta name=\"description\" content=\"Payment Kiosk with a 27&quot; monitor, Citizen Card reader, card payment system, barcode and QR code scanning, and contactless technology. Robust structure...\" \/>\n<meta name=\"robots\" content=\"index, follow, max-snippet:-1, max-image-preview:large, max-video-preview:-1\" \/>\n<link rel=\"canonical\" href=\"https:\/\/q.track.pt\/en\/produto\/tp-kiosk-pay-windows\/\" \/>\n<meta property=\"og:locale\" content=\"en_US\" \/>\n<meta property=\"og:type\" content=\"article\" \/>\n<meta property=\"og:title\" content=\"TP-Kiosk Pay - Windows - Q.track - Gest\u00e3o de Filas de Espera | TV Corporativa\" \/>\n<meta property=\"og:description\" content=\"Payment Kiosk with a 27&quot; monitor, Citizen Card reader, card payment system, barcode and QR code scanning, and contactless technology. Robust structure...\" \/>\n<meta property=\"og:url\" content=\"https:\/\/q.track.pt\/en\/produto\/tp-kiosk-pay-windows\/\" \/>\n<meta property=\"og:site_name\" content=\"Q.track - Gest\u00e3o de Filas de Espera | TV Corporativa\" \/>\n<meta property=\"article:modified_time\" content=\"2025-07-23T09:37:19+00:00\" \/>\n<meta property=\"og:image\" content=\"https:\/\/q.track.pt\/wp-content\/uploads\/2024\/12\/Quiosque-pagamentos-QMTP1-frontal.png\" \/>\n\t<meta property=\"og:image:width\" content=\"638\" \/>\n\t<meta property=\"og:image:height\" content=\"638\" \/>\n\t<meta property=\"og:image:type\" content=\"image\/png\" \/>\n<meta name=\"twitter:card\" content=\"summary_large_image\" \/>\n<meta name=\"twitter:label1\" content=\"Est. reading time\" \/>\n\t<meta name=\"twitter:data1\" content=\"2 minutes\" \/>\n<script type=\"application\/ld+json\" class=\"yoast-schema-graph\">{\"@context\":\"https:\/\/schema.org\",\"@graph\":[{\"@type\":\"WebPage\",\"@id\":\"https:\/\/q.track.pt\/en\/produto\/tp-kiosk-pay-windows\/\",\"url\":\"https:\/\/q.track.pt\/en\/produto\/tp-kiosk-pay-windows\/\",\"name\":\"TP-Kiosk Pay - Windows - Q.track - Gest\u00e3o de Filas de Espera | TV Corporativa\",\"isPartOf\":{\"@id\":\"https:\/\/q.track.pt\/en\/#website\"},\"primaryImageOfPage\":{\"@id\":\"https:\/\/q.track.pt\/en\/produto\/tp-kiosk-pay-windows\/#primaryimage\"},\"image\":{\"@id\":\"https:\/\/q.track.pt\/en\/produto\/tp-kiosk-pay-windows\/#primaryimage\"},\"thumbnailUrl\":\"https:\/\/q.track.pt\/wp-content\/uploads\/2024\/12\/Quiosque-pagamentos-QMTP1-frontal.png\",\"datePublished\":\"2024-12-20T14:13:16+00:00\",\"dateModified\":\"2025-07-23T09:37:19+00:00\",\"description\":\"Payment Kiosk with a 27\\\" monitor, Citizen Card reader, card payment system, barcode and QR code scanning, and contactless technology. Robust structure...\",\"breadcrumb\":{\"@id\":\"https:\/\/q.track.pt\/en\/produto\/tp-kiosk-pay-windows\/#breadcrumb\"},\"inLanguage\":\"en-US\",\"potentialAction\":[{\"@type\":\"ReadAction\",\"target\":[\"https:\/\/q.track.pt\/en\/produto\/tp-kiosk-pay-windows\/\"]}]},{\"@type\":\"ImageObject\",\"inLanguage\":\"en-US\",\"@id\":\"https:\/\/q.track.pt\/en\/produto\/tp-kiosk-pay-windows\/#primaryimage\",\"url\":\"https:\/\/q.track.pt\/wp-content\/uploads\/2024\/12\/Quiosque-pagamentos-QMTP1-frontal.png\",\"contentUrl\":\"https:\/\/q.track.pt\/wp-content\/uploads\/2024\/12\/Quiosque-pagamentos-QMTP1-frontal.png\",\"width\":638,\"height\":638,\"caption\":\"Quiosque de pagamentos, terminal de pagamento autom\u00e1tico, quiosque com leitor de cart\u00e3o de cidad\u00e3o, pagamento com cart\u00e3o multibanco, quiosque com leitor de QR code., quiosque self-service [QMTP1]\"},{\"@type\":\"BreadcrumbList\",\"@id\":\"https:\/\/q.track.pt\/en\/produto\/tp-kiosk-pay-windows\/#breadcrumb\",\"itemListElement\":[{\"@type\":\"ListItem\",\"position\":1,\"name\":\"In\u00edcio\",\"item\":\"https:\/\/q.track.pt\/en\/?lang=en\"},{\"@type\":\"ListItem\",\"position\":2,\"name\":\"Multimedia Kiosk\",\"item\":\"https:\/\/q.track.pt\/multimedia-kiosk\/?lang=en\"},{\"@type\":\"ListItem\",\"position\":3,\"name\":\"MULTIMEDIA KIOSKS\",\"item\":\"https:\/\/q.track.pt\/en\/categoria-produto\/multimedia-kiosks-en\/\"},{\"@type\":\"ListItem\",\"position\":4,\"name\":\"TP-Kiosk Pay &#8211; Windows\"}]},{\"@type\":\"WebSite\",\"@id\":\"https:\/\/q.track.pt\/en\/#website\",\"url\":\"https:\/\/q.track.pt\/en\/\",\"name\":\"Q.track - Gest\u00e3o de Filas de Espera | TV Corporativa\",\"description\":\"Gest\u00e3o de Filas de Espera | Solu\u00e7\u00e3o de Atendimento | TV Corporativa | Sistema de Avalia\u00e7\u00e3o\",\"potentialAction\":[{\"@type\":\"SearchAction\",\"target\":{\"@type\":\"EntryPoint\",\"urlTemplate\":\"https:\/\/q.track.pt\/en\/?s={search_term_string}\"},\"query-input\":{\"@type\":\"PropertyValueSpecification\",\"valueRequired\":true,\"valueName\":\"search_term_string\"}}],\"inLanguage\":\"en-US\"}]}<\/script>\n<!-- \/ Yoast SEO plugin. -->","yoast_head_json":{"title":"TP-Kiosk Pay - Windows - Q.track - Gest\u00e3o de Filas de Espera | TV Corporativa","description":"Payment Kiosk with a 27\" monitor, Citizen Card reader, card payment system, barcode and QR code scanning, and contactless technology. Robust structure...","robots":{"index":"index","follow":"follow","max-snippet":"max-snippet:-1","max-image-preview":"max-image-preview:large","max-video-preview":"max-video-preview:-1"},"canonical":"https:\/\/q.track.pt\/en\/produto\/tp-kiosk-pay-windows\/","og_locale":"en_US","og_type":"article","og_title":"TP-Kiosk Pay - Windows - Q.track - Gest\u00e3o de Filas de Espera | TV Corporativa","og_description":"Payment Kiosk with a 27\" monitor, Citizen Card reader, card payment system, barcode and QR code scanning, and contactless technology. Robust structure...","og_url":"https:\/\/q.track.pt\/en\/produto\/tp-kiosk-pay-windows\/","og_site_name":"Q.track - Gest\u00e3o de Filas de Espera | TV Corporativa","article_modified_time":"2025-07-23T09:37:19+00:00","og_image":[{"width":638,"height":638,"url":"https:\/\/q.track.pt\/wp-content\/uploads\/2024\/12\/Quiosque-pagamentos-QMTP1-frontal.png","type":"image\/png"}],"twitter_card":"summary_large_image","twitter_misc":{"Est. reading time":"2 minutes"},"schema":{"@context":"https:\/\/schema.org","@graph":[{"@type":"WebPage","@id":"https:\/\/q.track.pt\/en\/produto\/tp-kiosk-pay-windows\/","url":"https:\/\/q.track.pt\/en\/produto\/tp-kiosk-pay-windows\/","name":"TP-Kiosk Pay - Windows - Q.track - Gest\u00e3o de Filas de Espera | TV Corporativa","isPartOf":{"@id":"https:\/\/q.track.pt\/en\/#website"},"primaryImageOfPage":{"@id":"https:\/\/q.track.pt\/en\/produto\/tp-kiosk-pay-windows\/#primaryimage"},"image":{"@id":"https:\/\/q.track.pt\/en\/produto\/tp-kiosk-pay-windows\/#primaryimage"},"thumbnailUrl":"https:\/\/q.track.pt\/wp-content\/uploads\/2024\/12\/Quiosque-pagamentos-QMTP1-frontal.png","datePublished":"2024-12-20T14:13:16+00:00","dateModified":"2025-07-23T09:37:19+00:00","description":"Payment Kiosk with a 27\" monitor, Citizen Card reader, card payment system, barcode and QR code scanning, and contactless technology. Robust structure...","breadcrumb":{"@id":"https:\/\/q.track.pt\/en\/produto\/tp-kiosk-pay-windows\/#breadcrumb"},"inLanguage":"en-US","potentialAction":[{"@type":"ReadAction","target":["https:\/\/q.track.pt\/en\/produto\/tp-kiosk-pay-windows\/"]}]},{"@type":"ImageObject","inLanguage":"en-US","@id":"https:\/\/q.track.pt\/en\/produto\/tp-kiosk-pay-windows\/#primaryimage","url":"https:\/\/q.track.pt\/wp-content\/uploads\/2024\/12\/Quiosque-pagamentos-QMTP1-frontal.png","contentUrl":"https:\/\/q.track.pt\/wp-content\/uploads\/2024\/12\/Quiosque-pagamentos-QMTP1-frontal.png","width":638,"height":638,"caption":"Quiosque de pagamentos, terminal de pagamento autom\u00e1tico, quiosque com leitor de cart\u00e3o de cidad\u00e3o, pagamento com cart\u00e3o multibanco, quiosque com leitor de QR code., quiosque self-service [QMTP1]"},{"@type":"BreadcrumbList","@id":"https:\/\/q.track.pt\/en\/produto\/tp-kiosk-pay-windows\/#breadcrumb","itemListElement":[{"@type":"ListItem","position":1,"name":"In\u00edcio","item":"https:\/\/q.track.pt\/en\/?lang=en"},{"@type":"ListItem","position":2,"name":"Multimedia Kiosk","item":"https:\/\/q.track.pt\/multimedia-kiosk\/?lang=en"},{"@type":"ListItem","position":3,"name":"MULTIMEDIA KIOSKS","item":"https:\/\/q.track.pt\/en\/categoria-produto\/multimedia-kiosks-en\/"},{"@type":"ListItem","position":4,"name":"TP-Kiosk Pay &#8211; Windows"}]},{"@type":"WebSite","@id":"https:\/\/q.track.pt\/en\/#website","url":"https:\/\/q.track.pt\/en\/","name":"Q.track - Gest\u00e3o de Filas de Espera | TV Corporativa","description":"Gest\u00e3o de Filas de Espera | Solu\u00e7\u00e3o de Atendimento | TV Corporativa | Sistema de Avalia\u00e7\u00e3o","potentialAction":[{"@type":"SearchAction","target":{"@type":"EntryPoint","urlTemplate":"https:\/\/q.track.pt\/en\/?s={search_term_string}"},"query-input":{"@type":"PropertyValueSpecification","valueRequired":true,"valueName":"search_term_string"}}],"inLanguage":"en-US"}]}},"_links":{"self":[{"href":"https:\/\/q.track.pt\/en\/wp-json\/wp\/v2\/product\/16503","targetHints":{"allow":["GET"]}}],"collection":[{"href":"https:\/\/q.track.pt\/en\/wp-json\/wp\/v2\/product"}],"about":[{"href":"https:\/\/q.track.pt\/en\/wp-json\/wp\/v2\/types\/product"}],"wp:featuredmedia":[{"embeddable":true,"href":"https:\/\/q.track.pt\/en\/wp-json\/wp\/v2\/media\/16478"}],"wp:attachment":[{"href":"https:\/\/q.track.pt\/en\/wp-json\/wp\/v2\/media?parent=16503"}],"wp:term":[{"taxonomy":"product_brand","embeddable":true,"href":"https:\/\/q.track.pt\/en\/wp-json\/wp\/v2\/product_brand?post=16503"},{"taxonomy":"product_cat","embeddable":true,"href":"https:\/\/q.track.pt\/en\/wp-json\/wp\/v2\/product_cat?post=16503"},{"taxonomy":"product_tag","embeddable":true,"href":"https:\/\/q.track.pt\/en\/wp-json\/wp\/v2\/product_tag?post=16503"}],"curies":[{"name":"wp","href":"https:\/\/api.w.org\/{rel}","templated":true}]}}